{"id":847,"date":"2026-02-07T15:27:51","date_gmt":"2026-02-07T14:27:51","guid":{"rendered":"https:\/\/vous-ecouter-pour-lavenir.fr\/?page_id=847"},"modified":"2026-02-07T22:13:26","modified_gmt":"2026-02-07T21:13:26","slug":"plan-du-site","status":"publish","type":"page","link":"https:\/\/vous-ecouter-pour-lavenir.fr\/index.php\/plan-du-site\/","title":{"rendered":"Plan du site"},"content":{"rendered":"<div class=\"wsp-container\"><h2 class=\"wsp-pages-title\">Pages<\/h2>\n<ul class=\"wsp-pages-list\">\n<li class=\"page_item page-item-505\"><a href=\"https:\/\/vous-ecouter-pour-lavenir.fr\/index.php\/5-principes\/\">5 principes<\/a><\/li>\n<li class=\"page_item page-item-1536\"><a href=\"https:\/\/vous-ecouter-pour-lavenir.fr\/index.php\/decryptage-du-bilan-2020-2026-2\/\">D\u00e9cryptage du bilan 2020-2026<\/a><\/li>\n<li class=\"page_item page-item-1055 page_item_has_children\"><a href=\"https:\/\/vous-ecouter-pour-lavenir.fr\/index.php\/decryptage-du-bilan-2020-2026\/\">D\u00e9cryptage du bilan 2020-2026<\/a>\n<ul class='children'>\n\t<li class=\"page_item page-item-1139\"><a href=\"https:\/\/vous-ecouter-pour-lavenir.fr\/index.php\/decryptage-du-bilan-2020-2026\/de-nouveaux-espaces\/\">\u00ab\u00a0De nouveaux espaces\u00a0\u00bb<\/a><\/li>\n\t<li class=\"page_item page-item-1128\"><a href=\"https:\/\/vous-ecouter-pour-lavenir.fr\/index.php\/decryptage-du-bilan-2020-2026\/la-mobilite\/\">\u00ab\u00a0La mobilit\u00e9\u00a0\u00bb<\/a><\/li>\n\t<li class=\"page_item page-item-1283\"><a href=\"https:\/\/vous-ecouter-pour-lavenir.fr\/index.php\/decryptage-du-bilan-2020-2026\/la-vie-scolaire\/\">\u00ab\u00a0La vie scolaire\u00a0\u00bb<\/a><\/li>\n\t<li class=\"page_item page-item-1286\"><a href=\"https:\/\/vous-ecouter-pour-lavenir.fr\/index.php\/decryptage-du-bilan-2020-2026\/le-patrimoine\/\">\u00ab\u00a0Le patrimoine\u00a0\u00bb<\/a><\/li>\n\t<li class=\"page_item page-item-1290\"><a href=\"https:\/\/vous-ecouter-pour-lavenir.fr\/index.php\/decryptage-du-bilan-2020-2026\/les-outils-de-communication\/\">\u00ab\u00a0Les outils de communication\u00a0\u00bb<\/a><\/li>\n\t<li class=\"page_item page-item-1117\"><a href=\"https:\/\/vous-ecouter-pour-lavenir.fr\/index.php\/decryptage-du-bilan-2020-2026\/les-services-publics\/\">\u00ab\u00a0Les services publics\u00a0\u00bb<\/a><\/li>\n\t<li class=\"page_item page-item-1060\"><a href=\"https:\/\/vous-ecouter-pour-lavenir.fr\/index.php\/decryptage-du-bilan-2020-2026\/pour-une-ville-inclusive\/\">\u00ab\u00a0Pour une ville inclusive\u00a0\u00bb<\/a><\/li>\n\t<li class=\"page_item page-item-1090\"><a href=\"https:\/\/vous-ecouter-pour-lavenir.fr\/index.php\/decryptage-du-bilan-2020-2026\/transition-ecologique\/\">\u00ab\u00a0Transition \u00e9cologique\u00a0\u00bb<\/a><\/li>\n<\/ul>\n<\/li>\n<li class=\"page_item page-item-1551\"><a href=\"https:\/\/vous-ecouter-pour-lavenir.fr\/index.php\/decryptage-du-bilan-programme-de-la-liste-concurrente\/\">D\u00e9cryptage du bilan-programme de la liste concurrente<\/a><\/li>\n<li class=\"page_item page-item-1647\"><a href=\"https:\/\/vous-ecouter-pour-lavenir.fr\/index.php\/elections-municipales\/\">Elections municipales<\/a><\/li>\n<li class=\"page_item page-item-1774\"><a href=\"https:\/\/vous-ecouter-pour-lavenir.fr\/index.php\/en-videos\/\">En vid\u00e9os<\/a><\/li>\n<li class=\"page_item page-item-1639\"><a href=\"https:\/\/vous-ecouter-pour-lavenir.fr\/index.php\/lintercommunalite\/\">L&rsquo;intercommunalit\u00e9<\/a><\/li>\n<li class=\"page_item page-item-1688\"><a href=\"https:\/\/vous-ecouter-pour-lavenir.fr\/index.php\/le-jeu-des-30-ressemblances\/\">Le jeu des&#8230; 30 ressemblances<\/a><\/li>\n<li class=\"page_item page-item-561\"><a href=\"https:\/\/vous-ecouter-pour-lavenir.fr\/index.php\/les-colistiers\/\">Les colistiers<\/a><\/li>\n<li class=\"page_item page-item-1643\"><a href=\"https:\/\/vous-ecouter-pour-lavenir.fr\/index.php\/les-competences-des-communes\/\">Les comp\u00e9tences des communes<\/a><\/li>\n<li class=\"page_item page-item-411\"><a href=\"https:\/\/vous-ecouter-pour-lavenir.fr\/index.php\/notre-liste\/\">Notre liste<\/a><\/li>\n<li class=\"page_item page-item-1450 page_item_has_children\"><a href=\"https:\/\/vous-ecouter-pour-lavenir.fr\/index.php\/notre-programme\/\">Notre programme<\/a>\n<ul class='children'>\n\t<li class=\"page_item page-item-1465\"><a href=\"https:\/\/vous-ecouter-pour-lavenir.fr\/index.php\/notre-programme\/bienveillance-et-respect-a-lecoute-des-aines\/\">Bienveillance et respect \u00e0 l&rsquo;\u00e9coute des a\u00een\u00e9s<\/a><\/li>\n\t<li class=\"page_item page-item-1461\"><a href=\"https:\/\/vous-ecouter-pour-lavenir.fr\/index.php\/notre-programme\/securite-et-tranquillite-pour-tous\/\">S\u00e9curit\u00e9 et tranquillit\u00e9 pour tous<\/a><\/li>\n\t<li class=\"page_item page-item-1459\"><a href=\"https:\/\/vous-ecouter-pour-lavenir.fr\/index.php\/notre-programme\/transition-ecologique\/\">Transition \u00e9cologique<\/a><\/li>\n\t<li class=\"page_item page-item-1463\"><a href=\"https:\/\/vous-ecouter-pour-lavenir.fr\/index.php\/notre-programme\/valorisation-de-la-culture-et-du-sport\/\">Valorisation de la culture et du sport<\/a><\/li>\n\t<li class=\"page_item page-item-1456\"><a href=\"https:\/\/vous-ecouter-pour-lavenir.fr\/index.php\/notre-programme\/vitalite-territoriale\/\">Vitalit\u00e9 territoriale<\/a><\/li>\n<\/ul>\n<\/li>\n<li class=\"page_item page-item-1332\"><a href=\"https:\/\/vous-ecouter-pour-lavenir.fr\/index.php\/politique-de-cookies-ue\/\">Politique de cookies (UE)<\/a><\/li>\n<li class=\"page_item page-item-430\"><a href=\"https:\/\/vous-ecouter-pour-lavenir.fr\/index.php\/prochains-rendez-vous\/\">Prochains rendez-vous<\/a><\/li>\n<li class=\"page_item page-item-1783\"><a href=\"https:\/\/vous-ecouter-pour-lavenir.fr\/index.php\/retransmission-des-reunions-publiques\/\">Retransmission des r\u00e9unions publiques<\/a><\/li>\n<\/ul>\n<h2 class=\"wsp-posts-title\">Articles par cat\u00e9gorie<\/h2>\n<ul class=\"wsp-posts-list\">\n\t<li><strong class=\"wsp-category-title\">Cat\u00e9gorie\u00a0: <a href=\"https:\/\/vous-ecouter-pour-lavenir.fr\/index.php\/category\/non-classe\/\">Non class\u00e9<\/a><\/strong>\n<ul class=\"wsp-posts-list\">\t\t<li class=\"wsp-post\"><a href=\"https:\/\/vous-ecouter-pour-lavenir.fr\/index.php\/2026\/03\/16\/remerciements\/\">Remerciements<\/a><\/li>\n\t\t<li class=\"wsp-post\"><a href=\"https:\/\/vous-ecouter-pour-lavenir.fr\/index.php\/2026\/03\/13\/quelle-belle-campagne\/\">Quelle belle campagne !<\/a><\/li>\n\t\t<li class=\"wsp-post\"><a href=\"https:\/\/vous-ecouter-pour-lavenir.fr\/index.php\/2026\/03\/13\/tract-n4-le-15-mars-votez-pour-vous-votez-pour-nous\/\">Tract n\u00b04 : le 15 mars : votez pour VOUS, votez pour NOUS !<\/a><\/li>\n\t\t<li class=\"wsp-post\"><a href=\"https:\/\/vous-ecouter-pour-lavenir.fr\/index.php\/2026\/03\/13\/presentation-de-franck-peyronnet-et-de-notre-liste-transpartisane-et-sans-etiquette\/\">Pr\u00e9sentation de Franck Peyronnet et de notre liste transpartisane et sans \u00e9tiquette<\/a><\/li>\n\t\t<li class=\"wsp-post\"><a href=\"https:\/\/vous-ecouter-pour-lavenir.fr\/index.php\/2026\/03\/13\/retransmission-des-reunions-publiques\/\">Retransmission des r\u00e9unions publiques<\/a><\/li>\n\t\t<li class=\"wsp-post\"><a href=\"https:\/\/vous-ecouter-pour-lavenir.fr\/index.php\/2026\/03\/12\/nos-5-priorites-en-video-valorisation-de-la-culture-et-du-sport\/\">Nos 5 priorit\u00e9s, en vid\u00e9o&#8230; valorisation de la culture et du sport<\/a><\/li>\n\t\t<li class=\"wsp-post\"><a href=\"https:\/\/vous-ecouter-pour-lavenir.fr\/index.php\/2026\/03\/11\/nos-5-priorites-en-video-bienveillance-et-respect-a-lecoute-des-aines\/\">Nos 5 priorit\u00e9s, en vid\u00e9o&#8230; bienveillance et respect \u00e0 l&rsquo;\u00e9coute des a\u00een\u00e9s<\/a><\/li>\n\t\t<li class=\"wsp-post\"><a href=\"https:\/\/vous-ecouter-pour-lavenir.fr\/index.php\/2026\/03\/11\/en-video-nos-5-principes-de-gestion-communale\/\">En vid\u00e9o&#8230; nos 5 principes de gestion communale<\/a><\/li>\n\t\t<li class=\"wsp-post\"><a href=\"https:\/\/vous-ecouter-pour-lavenir.fr\/index.php\/2026\/03\/10\/nos-5-priorites-en-video-securite-et-tranquillite-pour-tous\/\">Nos 5 priorit\u00e9s, en vid\u00e9o&#8230; s\u00e9curit\u00e9 et tranquillit\u00e9 pour tous<\/a><\/li>\n\t\t<li class=\"wsp-post\"><a href=\"https:\/\/vous-ecouter-pour-lavenir.fr\/index.php\/2026\/03\/09\/nos-5-priorites-en-video-la-transition-ecologique\/\">Nos 5 priorit\u00e9s, en vid\u00e9o&#8230; la transition \u00e9cologique<\/a><\/li>\n\t\t<li class=\"wsp-post\"><a href=\"https:\/\/vous-ecouter-pour-lavenir.fr\/index.php\/2026\/03\/09\/rappel-un-seul-tour-pour-les-elections-a-vic\/\">Rappel : UN SEUL TOUR pour les \u00e9lections \u00e0 Vic<\/a><\/li>\n\t\t<li class=\"wsp-post\"><a href=\"https:\/\/vous-ecouter-pour-lavenir.fr\/index.php\/2026\/03\/08\/nos-5-priorites-en-video-la-vitalite-territoriale\/\">Nos 5 priorit\u00e9s, en vid\u00e9o&#8230; la vitalit\u00e9 territoriale<\/a><\/li>\n\t\t<li class=\"wsp-post\"><a href=\"https:\/\/vous-ecouter-pour-lavenir.fr\/index.php\/2026\/03\/06\/decryptage-du-bilan-programme-de-la-liste-concurrente\/\">D\u00e9cryptage du tract de bilan-programme de la liste concurrente<\/a><\/li>\n\t\t<li class=\"wsp-post\"><a href=\"https:\/\/vous-ecouter-pour-lavenir.fr\/index.php\/2026\/03\/05\/nouvelles-du-site\/\">Nouveaut\u00e9s sur le site<\/a><\/li>\n\t\t<li class=\"wsp-post\"><a href=\"https:\/\/vous-ecouter-pour-lavenir.fr\/index.php\/2026\/02\/28\/tract-n3-notre-programme\/\">Tract n\u00b03 : notre programme<\/a><\/li>\n\t\t<li class=\"wsp-post\"><a href=\"https:\/\/vous-ecouter-pour-lavenir.fr\/index.php\/2026\/02\/26\/note-de-soutien-francoise-andanson\/\">Note de soutien &#8211; Fran\u00e7oise ANDANSON<\/a><\/li>\n\t\t<li class=\"wsp-post\"><a href=\"https:\/\/vous-ecouter-pour-lavenir.fr\/index.php\/2026\/02\/26\/la-presentation-des-colistiers-est-desormais-complete\/\">La pr\u00e9sentation des colistiers est d\u00e9sormais compl\u00e8te<\/a><\/li>\n\t\t<li class=\"wsp-post\"><a href=\"https:\/\/vous-ecouter-pour-lavenir.fr\/index.php\/2026\/02\/25\/la-liste-est-deposee-en-prefecture\/\">La liste est d\u00e9pos\u00e9e en pr\u00e9fecture !<\/a><\/li>\n\t\t<li class=\"wsp-post\"><a href=\"https:\/\/vous-ecouter-pour-lavenir.fr\/index.php\/2026\/02\/21\/decryptage-du-bilan-2020-2026-la-suite\/\">D\u00e9cryptage du bilan 2020-2026 (la suite)<\/a><\/li>\n\t\t<li class=\"wsp-post\"><a href=\"https:\/\/vous-ecouter-pour-lavenir.fr\/index.php\/2026\/02\/15\/decryptage-du-bilan-2020-2026\/\">D\u00e9cryptage du bilan 2020-2026<\/a><\/li>\n\t\t<li class=\"wsp-post\"><a href=\"https:\/\/vous-ecouter-pour-lavenir.fr\/index.php\/2026\/02\/13\/le-jeu-des-30-ressemblances\/\">Le jeu des &#8230; 30 ressemblances<\/a><\/li>\n\t\t<li class=\"wsp-post\"><a href=\"https:\/\/vous-ecouter-pour-lavenir.fr\/index.php\/2026\/01\/31\/si-on-parlait-mode-de-scrutin-pour-ces-municipales\/\">Si on parlait mode de scrutin pour ces municipales ?<\/a><\/li>\n\t\t<li class=\"wsp-post\"><a href=\"https:\/\/vous-ecouter-pour-lavenir.fr\/index.php\/2026\/01\/31\/tract-n2-nos-principes-majeurs\/\">Tract n\u00b02 : nos principes majeurs<\/a><\/li>\n\t\t<li class=\"wsp-post\"><a href=\"https:\/\/vous-ecouter-pour-lavenir.fr\/index.php\/2026\/01\/30\/comment-faire-une-procuration-de-vote\/\">Comment faire une procuration de vote\u00a0?<\/a><\/li>\n\t\t<li class=\"wsp-post\"><a href=\"https:\/\/vous-ecouter-pour-lavenir.fr\/index.php\/2026\/01\/29\/je-ne-suis-pas-encore-inscrit-sur-les-listes-electorales-est-il-encore-temps-de-le-faire\/\">Je ne suis pas encore inscrit sur les listes \u00e9lectorales. Est-il encore temps de le faire ?<\/a><\/li>\n\t\t<li class=\"wsp-post\"><a href=\"https:\/\/vous-ecouter-pour-lavenir.fr\/index.php\/2026\/01\/17\/tract-n1-nos-priorites\/\">Tract n\u00b01 : nos priorit\u00e9s<\/a><\/li>\n\t\t<li class=\"wsp-post\"><a href=\"https:\/\/vous-ecouter-pour-lavenir.fr\/index.php\/2026\/01\/16\/franck-peyronnet-mene-une-liste-citoyenne-transpartisane-pour-les-municipales-2026-a-vic-le-comte\/\">Franck Peyronnet conduit une liste citoyenne transpartisane pour les \u00e9lections municipales 2026 \u00e0 Vic-le-Comte<\/a><\/li>\n<\/ul><\/li>\n<\/ul>\n<\/div>\n","protected":false},"excerpt":{"rendered":"","protected":false},"author":10,"featured_media":0,"parent":0,"menu_order":0,"comment_status":"closed","ping_status":"closed","template":"","meta":{"footnotes":""},"folder":[],"class_list":["post-847","page","type-page","status-publish","hentry"],"yoast_head":"<!-- This site is optimized with the Yoast SEO plugin v27.4 - https:\/\/yoast.com\/product\/yoast-seo-wordpress\/ -->\n<title>Plan du site - Vous \u00e9couter pour l&#039;avenir<\/title>\n<meta name=\"robots\" content=\"index, follow, max-snippet:-1, max-image-preview:large, max-video-preview:-1\" \/>\n<link rel=\"canonical\" href=\"https:\/\/vous-ecouter-pour-lavenir.fr\/index.php\/plan-du-site\/\" \/>\n<meta property=\"og:locale\" content=\"fr_FR\" \/>\n<meta property=\"og:type\" content=\"article\" \/>\n<meta property=\"og:title\" content=\"Plan du site - Vous \u00e9couter pour l&#039;avenir\" \/>\n<meta property=\"og:url\" content=\"https:\/\/vous-ecouter-pour-lavenir.fr\/index.php\/plan-du-site\/\" \/>\n<meta property=\"og:site_name\" content=\"Vous \u00e9couter pour l&#039;avenir\" \/>\n<meta property=\"article:publisher\" content=\"https:\/\/www.facebook.com\/share\/1GggEujjUo\/\" \/>\n<meta property=\"article:modified_time\" content=\"2026-02-07T21:13:26+00:00\" \/>\n<meta name=\"twitter:card\" content=\"summary_large_image\" \/>\n<script type=\"application\/ld+json\" class=\"yoast-schema-graph\">{\"@context\":\"https:\\\/\\\/schema.org\",\"@graph\":[{\"@type\":\"WebPage\",\"@id\":\"https:\\\/\\\/vous-ecouter-pour-lavenir.fr\\\/index.php\\\/plan-du-site\\\/\",\"url\":\"https:\\\/\\\/vous-ecouter-pour-lavenir.fr\\\/index.php\\\/plan-du-site\\\/\",\"name\":\"Plan du site - Vous \u00e9couter pour l&#039;avenir\",\"isPartOf\":{\"@id\":\"https:\\\/\\\/vous-ecouter-pour-lavenir.fr\\\/#website\"},\"datePublished\":\"2026-02-07T14:27:51+00:00\",\"dateModified\":\"2026-02-07T21:13:26+00:00\",\"breadcrumb\":{\"@id\":\"https:\\\/\\\/vous-ecouter-pour-lavenir.fr\\\/index.php\\\/plan-du-site\\\/#breadcrumb\"},\"inLanguage\":\"fr-FR\",\"potentialAction\":[{\"@type\":\"ReadAction\",\"target\":[\"https:\\\/\\\/vous-ecouter-pour-lavenir.fr\\\/index.php\\\/plan-du-site\\\/\"]}]},{\"@type\":\"BreadcrumbList\",\"@id\":\"https:\\\/\\\/vous-ecouter-pour-lavenir.fr\\\/index.php\\\/plan-du-site\\\/#breadcrumb\",\"itemListElement\":[{\"@type\":\"ListItem\",\"position\":1,\"name\":\"Accueil\",\"item\":\"https:\\\/\\\/vous-ecouter-pour-lavenir.fr\\\/\"},{\"@type\":\"ListItem\",\"position\":2,\"name\":\"Plan du site\"}]},{\"@type\":\"WebSite\",\"@id\":\"https:\\\/\\\/vous-ecouter-pour-lavenir.fr\\\/#website\",\"url\":\"https:\\\/\\\/vous-ecouter-pour-lavenir.fr\\\/\",\"name\":\"Vous \u00e9couter pour l'avenir\",\"description\":\"Liste citoyenne pour les \u00e9lections municipales 2026 \u00e0 Vic-le-Comte\",\"publisher\":{\"@id\":\"https:\\\/\\\/vous-ecouter-pour-lavenir.fr\\\/#organization\"},\"potentialAction\":[{\"@type\":\"SearchAction\",\"target\":{\"@type\":\"EntryPoint\",\"urlTemplate\":\"https:\\\/\\\/vous-ecouter-pour-lavenir.fr\\\/?s={search_term_string}\"},\"query-input\":{\"@type\":\"PropertyValueSpecification\",\"valueRequired\":true,\"valueName\":\"search_term_string\"}}],\"inLanguage\":\"fr-FR\"},{\"@type\":\"Organization\",\"@id\":\"https:\\\/\\\/vous-ecouter-pour-lavenir.fr\\\/#organization\",\"name\":\"Vous \u00e9couter pour l'avenir\",\"url\":\"https:\\\/\\\/vous-ecouter-pour-lavenir.fr\\\/\",\"logo\":{\"@type\":\"ImageObject\",\"inLanguage\":\"fr-FR\",\"@id\":\"https:\\\/\\\/vous-ecouter-pour-lavenir.fr\\\/#\\\/schema\\\/logo\\\/image\\\/\",\"url\":\"https:\\\/\\\/vous-ecouter-pour-lavenir.fr\\\/wp-content\\\/uploads\\\/2026\\\/01\\\/cropped-20260111_230439.jpg\",\"contentUrl\":\"https:\\\/\\\/vous-ecouter-pour-lavenir.fr\\\/wp-content\\\/uploads\\\/2026\\\/01\\\/cropped-20260111_230439.jpg\",\"width\":512,\"height\":512,\"caption\":\"Vous \u00e9couter pour l'avenir\"},\"image\":{\"@id\":\"https:\\\/\\\/vous-ecouter-pour-lavenir.fr\\\/#\\\/schema\\\/logo\\\/image\\\/\"},\"sameAs\":[\"https:\\\/\\\/www.facebook.com\\\/share\\\/1GggEujjUo\\\/\",\"https:\\\/\\\/www.instagram.com\\\/vousecouterpourlavenir\"]}]}<\/script>\n<!-- \/ Yoast SEO plugin. -->","yoast_head_json":{"title":"Plan du site - Vous \u00e9couter pour l&#039;avenir","robots":{"index":"index","follow":"follow","max-snippet":"max-snippet:-1","max-image-preview":"max-image-preview:large","max-video-preview":"max-video-preview:-1"},"canonical":"https:\/\/vous-ecouter-pour-lavenir.fr\/index.php\/plan-du-site\/","og_locale":"fr_FR","og_type":"article","og_title":"Plan du site - Vous \u00e9couter pour l&#039;avenir","og_url":"https:\/\/vous-ecouter-pour-lavenir.fr\/index.php\/plan-du-site\/","og_site_name":"Vous \u00e9couter pour l&#039;avenir","article_publisher":"https:\/\/www.facebook.com\/share\/1GggEujjUo\/","article_modified_time":"2026-02-07T21:13:26+00:00","twitter_card":"summary_large_image","schema":{"@context":"https:\/\/schema.org","@graph":[{"@type":"WebPage","@id":"https:\/\/vous-ecouter-pour-lavenir.fr\/index.php\/plan-du-site\/","url":"https:\/\/vous-ecouter-pour-lavenir.fr\/index.php\/plan-du-site\/","name":"Plan du site - Vous \u00e9couter pour l&#039;avenir","isPartOf":{"@id":"https:\/\/vous-ecouter-pour-lavenir.fr\/#website"},"datePublished":"2026-02-07T14:27:51+00:00","dateModified":"2026-02-07T21:13:26+00:00","breadcrumb":{"@id":"https:\/\/vous-ecouter-pour-lavenir.fr\/index.php\/plan-du-site\/#breadcrumb"},"inLanguage":"fr-FR","potentialAction":[{"@type":"ReadAction","target":["https:\/\/vous-ecouter-pour-lavenir.fr\/index.php\/plan-du-site\/"]}]},{"@type":"BreadcrumbList","@id":"https:\/\/vous-ecouter-pour-lavenir.fr\/index.php\/plan-du-site\/#breadcrumb","itemListElement":[{"@type":"ListItem","position":1,"name":"Accueil","item":"https:\/\/vous-ecouter-pour-lavenir.fr\/"},{"@type":"ListItem","position":2,"name":"Plan du site"}]},{"@type":"WebSite","@id":"https:\/\/vous-ecouter-pour-lavenir.fr\/#website","url":"https:\/\/vous-ecouter-pour-lavenir.fr\/","name":"Vous \u00e9couter pour l'avenir","description":"Liste citoyenne pour les \u00e9lections municipales 2026 \u00e0 Vic-le-Comte","publisher":{"@id":"https:\/\/vous-ecouter-pour-lavenir.fr\/#organization"},"potentialAction":[{"@type":"SearchAction","target":{"@type":"EntryPoint","urlTemplate":"https:\/\/vous-ecouter-pour-lavenir.fr\/?s={search_term_string}"},"query-input":{"@type":"PropertyValueSpecification","valueRequired":true,"valueName":"search_term_string"}}],"inLanguage":"fr-FR"},{"@type":"Organization","@id":"https:\/\/vous-ecouter-pour-lavenir.fr\/#organization","name":"Vous \u00e9couter pour l'avenir","url":"https:\/\/vous-ecouter-pour-lavenir.fr\/","logo":{"@type":"ImageObject","inLanguage":"fr-FR","@id":"https:\/\/vous-ecouter-pour-lavenir.fr\/#\/schema\/logo\/image\/","url":"https:\/\/vous-ecouter-pour-lavenir.fr\/wp-content\/uploads\/2026\/01\/cropped-20260111_230439.jpg","contentUrl":"https:\/\/vous-ecouter-pour-lavenir.fr\/wp-content\/uploads\/2026\/01\/cropped-20260111_230439.jpg","width":512,"height":512,"caption":"Vous \u00e9couter pour l'avenir"},"image":{"@id":"https:\/\/vous-ecouter-pour-lavenir.fr\/#\/schema\/logo\/image\/"},"sameAs":["https:\/\/www.facebook.com\/share\/1GggEujjUo\/","https:\/\/www.instagram.com\/vousecouterpourlavenir"]}]}},"_links":{"self":[{"href":"https:\/\/vous-ecouter-pour-lavenir.fr\/index.php\/wp-json\/wp\/v2\/pages\/847","targetHints":{"allow":["GET"]}}],"collection":[{"href":"https:\/\/vous-ecouter-pour-lavenir.fr\/index.php\/wp-json\/wp\/v2\/pages"}],"about":[{"href":"https:\/\/vous-ecouter-pour-lavenir.fr\/index.php\/wp-json\/wp\/v2\/types\/page"}],"author":[{"embeddable":true,"href":"https:\/\/vous-ecouter-pour-lavenir.fr\/index.php\/wp-json\/wp\/v2\/users\/10"}],"replies":[{"embeddable":true,"href":"https:\/\/vous-ecouter-pour-lavenir.fr\/index.php\/wp-json\/wp\/v2\/comments?post=847"}],"version-history":[{"count":1,"href":"https:\/\/vous-ecouter-pour-lavenir.fr\/index.php\/wp-json\/wp\/v2\/pages\/847\/revisions"}],"predecessor-version":[{"id":848,"href":"https:\/\/vous-ecouter-pour-lavenir.fr\/index.php\/wp-json\/wp\/v2\/pages\/847\/revisions\/848"}],"wp:attachment":[{"href":"https:\/\/vous-ecouter-pour-lavenir.fr\/index.php\/wp-json\/wp\/v2\/media?parent=847"}],"wp:term":[{"taxonomy":"folder","embeddable":true,"href":"https:\/\/vous-ecouter-pour-lavenir.fr\/index.php\/wp-json\/wp\/v2\/folder?post=847"}],"curies":[{"name":"wp","href":"https:\/\/api.w.org\/{rel}","templated":true}]}}