{"id":1774,"date":"2026-03-12T15:10:18","date_gmt":"2026-03-12T14:10:18","guid":{"rendered":"https:\/\/vous-ecouter-pour-lavenir.fr\/?page_id=1774"},"modified":"2026-04-01T20:35:51","modified_gmt":"2026-04-01T18:35:51","slug":"en-videos","status":"publish","type":"page","link":"https:\/\/vous-ecouter-pour-lavenir.fr\/index.php\/en-videos\/","title":{"rendered":"En vid\u00e9os"},"content":{"rendered":"\n<div class=\"wp-block-group alignwide has-custom-noir-color has-custom-vert-clair-transparent-background-color has-text-color has-background has-link-color wp-elements-3ff5dce449c9fe8799ec88072ebe73cc has-global-padding is-layout-constrained wp-container-core-group-is-layout-80fb368b wp-block-group-is-layout-constrained\" style=\"border-top-left-radius:15px;border-top-right-radius:15px;border-bottom-left-radius:15px;border-bottom-right-radius:15px;padding-top:var(--wp--preset--spacing--30);padding-right:var(--wp--preset--spacing--30);padding-bottom:var(--wp--preset--spacing--30);padding-left:var(--wp--preset--spacing--30)\">\n<h2 class=\"wp-block-heading alignwide has-text-align-center is-style-section-4 has-custom-bleu-tr-s-fonc-color has-custom-bleu-clair-background-color has-text-color has-background has-link-color wp-elements-8c1e21b12f9066cca736e28578657be7\" style=\"border-style:none;border-width:0px;border-top-left-radius:15px;border-top-right-radius:15px;border-bottom-left-radius:15px;border-bottom-right-radius:15px;margin-top:0;margin-bottom:0;padding-top:var(--wp--preset--spacing--30);padding-right:var(--wp--preset--spacing--30);padding-bottom:var(--wp--preset--spacing--30);padding-left:var(--wp--preset--spacing--30);box-shadow:var(--wp--preset--shadow--natural)\">En vid\u00e9os<\/h2>\n\n\n\n<div class=\"wp-block-group alignwide is-layout-flow wp-block-group-is-layout-flow\" style=\"border-style:none;border-width:0px\">\n\n\n<p class=\"has-large-font-size\">Ces vid\u00e9os ont \u00e9t\u00e9 int\u00e9gralement <strong>r\u00e9alis\u00e9es en interne<\/strong>, avec les moyens du bord, et sont <strong>h\u00e9berg\u00e9es sur notre infrastructure d\u00e9di\u00e9e<\/strong>.<\/p>\n\n\n<div class=\"cbvmfp-video-embed-wrapper\"><div class=\"cbvmfp-video\"><iframe src=\"https:\/\/peertube.vous-ecouter-pour-lavenir.fr\/videos\/embed\/c75707d2-3f37-45eb-9dbc-c2cd2f5df715\" frameborder=\"0\" allowfullscreen style=\"width: 100%; aspect-ratio: 16\/9;\"><\/iframe><\/div><div class=\"cbvmfp-video\"><iframe src=\"https:\/\/peertube.vous-ecouter-pour-lavenir.fr\/videos\/embed\/163bd582-d1d7-42c9-a904-bdfc9e5fe664\" frameborder=\"0\" allowfullscreen style=\"width: 100%; aspect-ratio: 16\/9;\"><\/iframe><\/div><div class=\"cbvmfp-video\"><iframe src=\"https:\/\/peertube.vous-ecouter-pour-lavenir.fr\/videos\/embed\/28f02d5f-a4c1-479d-baf1-e85bb80a191b\" frameborder=\"0\" allowfullscreen style=\"width: 100%; aspect-ratio: 16\/9;\"><\/iframe><\/div><div class=\"cbvmfp-video\"><iframe src=\"https:\/\/peertube.vous-ecouter-pour-lavenir.fr\/videos\/embed\/b56b99fe-0e8d-406b-bd6d-c813c11c0fe2\" frameborder=\"0\" allowfullscreen style=\"width: 100%; aspect-ratio: 16\/9;\"><\/iframe><\/div><div class=\"cbvmfp-video\"><iframe src=\"https:\/\/peertube.vous-ecouter-pour-lavenir.fr\/videos\/embed\/11f3b96f-a858-4f41-9e33-d1dd45ba5971\" frameborder=\"0\" allowfullscreen style=\"width: 100%; aspect-ratio: 16\/9;\"><\/iframe><\/div><div class=\"cbvmfp-video\"><iframe src=\"https:\/\/peertube.vous-ecouter-pour-lavenir.fr\/videos\/embed\/bcc42bb0-f859-4fb4-a5e9-b7e754aa949f\" frameborder=\"0\" allowfullscreen style=\"width: 100%; aspect-ratio: 16\/9;\"><\/iframe><\/div><div class=\"cbvmfp-video\"><iframe src=\"https:\/\/peertube.vous-ecouter-pour-lavenir.fr\/videos\/embed\/08647bd2-3b89-41fe-a99c-b2371ac1b860\" frameborder=\"0\" allowfullscreen style=\"width: 100%; aspect-ratio: 16\/9;\"><\/iframe><\/div><div class=\"cbvmfp-video\"><iframe src=\"https:\/\/peertube.vous-ecouter-pour-lavenir.fr\/videos\/embed\/9317c0ac-6b57-4d2f-8ca9-1be3cc67d3a2\" frameborder=\"0\" allowfullscreen style=\"width: 100%; aspect-ratio: 16\/9;\"><\/iframe><\/div><div class=\"cbvmfp-video\"><iframe src=\"https:\/\/peertube.vous-ecouter-pour-lavenir.fr\/videos\/embed\/158e8a7d-0a21-47eb-8e8a-20bc96110b74\" frameborder=\"0\" allowfullscreen style=\"width: 100%; aspect-ratio: 16\/9;\"><\/iframe><\/div><div class=\"cbvmfp-video\"><iframe src=\"https:\/\/peertube.vous-ecouter-pour-lavenir.fr\/videos\/embed\/b5bec8d6-b08f-4c8f-a4c9-c0ee72ad0103\" frameborder=\"0\" allowfullscreen style=\"width: 100%; aspect-ratio: 16\/9;\"><\/iframe><\/div><\/div>\n<\/div>\n<\/div>\n","protected":false},"excerpt":{"rendered":"<p>En vid\u00e9os Ces vid\u00e9os ont \u00e9t\u00e9 int\u00e9gralement r\u00e9alis\u00e9es en interne, avec les moyens du bord, et sont h\u00e9berg\u00e9es sur notre infrastructure d\u00e9di\u00e9e.<\/p>\n","protected":false},"author":10,"featured_media":0,"parent":0,"menu_order":0,"comment_status":"closed","ping_status":"closed","template":"","meta":{"footnotes":""},"folder":[],"class_list":["post-1774","page","type-page","status-publish","hentry"],"yoast_head":"<!-- This site is optimized with the Yoast SEO plugin v27.4 - https:\/\/yoast.com\/product\/yoast-seo-wordpress\/ -->\n<title>En vid\u00e9os - Vous \u00e9couter pour l&#039;avenir<\/title>\n<meta name=\"robots\" content=\"index, follow, max-snippet:-1, max-image-preview:large, max-video-preview:-1\" \/>\n<link rel=\"canonical\" href=\"https:\/\/vous-ecouter-pour-lavenir.fr\/index.php\/en-videos\/\" \/>\n<meta property=\"og:locale\" content=\"fr_FR\" \/>\n<meta property=\"og:type\" content=\"article\" \/>\n<meta property=\"og:title\" content=\"En vid\u00e9os - Vous \u00e9couter pour l&#039;avenir\" \/>\n<meta property=\"og:description\" content=\"En vid\u00e9os Ces vid\u00e9os ont \u00e9t\u00e9 int\u00e9gralement r\u00e9alis\u00e9es en interne, avec les moyens du bord, et sont h\u00e9berg\u00e9es sur notre infrastructure d\u00e9di\u00e9e.\" \/>\n<meta property=\"og:url\" content=\"https:\/\/vous-ecouter-pour-lavenir.fr\/index.php\/en-videos\/\" \/>\n<meta property=\"og:site_name\" content=\"Vous \u00e9couter pour l&#039;avenir\" \/>\n<meta property=\"article:publisher\" content=\"https:\/\/www.facebook.com\/share\/1GggEujjUo\/\" \/>\n<meta property=\"article:modified_time\" content=\"2026-04-01T18:35:51+00:00\" \/>\n<meta name=\"twitter:card\" content=\"summary_large_image\" \/>\n<meta name=\"twitter:label1\" content=\"Dur\u00e9e de lecture estim\u00e9e\" \/>\n\t<meta name=\"twitter:data1\" content=\"1 minute\" \/>\n<script type=\"application\/ld+json\" class=\"yoast-schema-graph\">{\"@context\":\"https:\\\/\\\/schema.org\",\"@graph\":[{\"@type\":\"WebPage\",\"@id\":\"https:\\\/\\\/vous-ecouter-pour-lavenir.fr\\\/index.php\\\/en-videos\\\/\",\"url\":\"https:\\\/\\\/vous-ecouter-pour-lavenir.fr\\\/index.php\\\/en-videos\\\/\",\"name\":\"En vid\u00e9os - Vous \u00e9couter pour l&#039;avenir\",\"isPartOf\":{\"@id\":\"https:\\\/\\\/vous-ecouter-pour-lavenir.fr\\\/#website\"},\"datePublished\":\"2026-03-12T14:10:18+00:00\",\"dateModified\":\"2026-04-01T18:35:51+00:00\",\"breadcrumb\":{\"@id\":\"https:\\\/\\\/vous-ecouter-pour-lavenir.fr\\\/index.php\\\/en-videos\\\/#breadcrumb\"},\"inLanguage\":\"fr-FR\",\"potentialAction\":[{\"@type\":\"ReadAction\",\"target\":[\"https:\\\/\\\/vous-ecouter-pour-lavenir.fr\\\/index.php\\\/en-videos\\\/\"]}]},{\"@type\":\"BreadcrumbList\",\"@id\":\"https:\\\/\\\/vous-ecouter-pour-lavenir.fr\\\/index.php\\\/en-videos\\\/#breadcrumb\",\"itemListElement\":[{\"@type\":\"ListItem\",\"position\":1,\"name\":\"Accueil\",\"item\":\"https:\\\/\\\/vous-ecouter-pour-lavenir.fr\\\/\"},{\"@type\":\"ListItem\",\"position\":2,\"name\":\"En vid\u00e9os\"}]},{\"@type\":\"WebSite\",\"@id\":\"https:\\\/\\\/vous-ecouter-pour-lavenir.fr\\\/#website\",\"url\":\"https:\\\/\\\/vous-ecouter-pour-lavenir.fr\\\/\",\"name\":\"Vous \u00e9couter pour l'avenir\",\"description\":\"Liste citoyenne pour les \u00e9lections municipales 2026 \u00e0 Vic-le-Comte\",\"publisher\":{\"@id\":\"https:\\\/\\\/vous-ecouter-pour-lavenir.fr\\\/#organization\"},\"potentialAction\":[{\"@type\":\"SearchAction\",\"target\":{\"@type\":\"EntryPoint\",\"urlTemplate\":\"https:\\\/\\\/vous-ecouter-pour-lavenir.fr\\\/?s={search_term_string}\"},\"query-input\":{\"@type\":\"PropertyValueSpecification\",\"valueRequired\":true,\"valueName\":\"search_term_string\"}}],\"inLanguage\":\"fr-FR\"},{\"@type\":\"Organization\",\"@id\":\"https:\\\/\\\/vous-ecouter-pour-lavenir.fr\\\/#organization\",\"name\":\"Vous \u00e9couter pour l'avenir\",\"url\":\"https:\\\/\\\/vous-ecouter-pour-lavenir.fr\\\/\",\"logo\":{\"@type\":\"ImageObject\",\"inLanguage\":\"fr-FR\",\"@id\":\"https:\\\/\\\/vous-ecouter-pour-lavenir.fr\\\/#\\\/schema\\\/logo\\\/image\\\/\",\"url\":\"https:\\\/\\\/vous-ecouter-pour-lavenir.fr\\\/wp-content\\\/uploads\\\/2026\\\/01\\\/cropped-20260111_230439.jpg\",\"contentUrl\":\"https:\\\/\\\/vous-ecouter-pour-lavenir.fr\\\/wp-content\\\/uploads\\\/2026\\\/01\\\/cropped-20260111_230439.jpg\",\"width\":512,\"height\":512,\"caption\":\"Vous \u00e9couter pour l'avenir\"},\"image\":{\"@id\":\"https:\\\/\\\/vous-ecouter-pour-lavenir.fr\\\/#\\\/schema\\\/logo\\\/image\\\/\"},\"sameAs\":[\"https:\\\/\\\/www.facebook.com\\\/share\\\/1GggEujjUo\\\/\",\"https:\\\/\\\/www.instagram.com\\\/vousecouterpourlavenir\"]}]}<\/script>\n<!-- \/ Yoast SEO plugin. -->","yoast_head_json":{"title":"En vid\u00e9os - Vous \u00e9couter pour l&#039;avenir","robots":{"index":"index","follow":"follow","max-snippet":"max-snippet:-1","max-image-preview":"max-image-preview:large","max-video-preview":"max-video-preview:-1"},"canonical":"https:\/\/vous-ecouter-pour-lavenir.fr\/index.php\/en-videos\/","og_locale":"fr_FR","og_type":"article","og_title":"En vid\u00e9os - Vous \u00e9couter pour l&#039;avenir","og_description":"En vid\u00e9os Ces vid\u00e9os ont \u00e9t\u00e9 int\u00e9gralement r\u00e9alis\u00e9es en interne, avec les moyens du bord, et sont h\u00e9berg\u00e9es sur notre infrastructure d\u00e9di\u00e9e.","og_url":"https:\/\/vous-ecouter-pour-lavenir.fr\/index.php\/en-videos\/","og_site_name":"Vous \u00e9couter pour l&#039;avenir","article_publisher":"https:\/\/www.facebook.com\/share\/1GggEujjUo\/","article_modified_time":"2026-04-01T18:35:51+00:00","twitter_card":"summary_large_image","twitter_misc":{"Dur\u00e9e de lecture estim\u00e9e":"1 minute"},"schema":{"@context":"https:\/\/schema.org","@graph":[{"@type":"WebPage","@id":"https:\/\/vous-ecouter-pour-lavenir.fr\/index.php\/en-videos\/","url":"https:\/\/vous-ecouter-pour-lavenir.fr\/index.php\/en-videos\/","name":"En vid\u00e9os - Vous \u00e9couter pour l&#039;avenir","isPartOf":{"@id":"https:\/\/vous-ecouter-pour-lavenir.fr\/#website"},"datePublished":"2026-03-12T14:10:18+00:00","dateModified":"2026-04-01T18:35:51+00:00","breadcrumb":{"@id":"https:\/\/vous-ecouter-pour-lavenir.fr\/index.php\/en-videos\/#breadcrumb"},"inLanguage":"fr-FR","potentialAction":[{"@type":"ReadAction","target":["https:\/\/vous-ecouter-pour-lavenir.fr\/index.php\/en-videos\/"]}]},{"@type":"BreadcrumbList","@id":"https:\/\/vous-ecouter-pour-lavenir.fr\/index.php\/en-videos\/#breadcrumb","itemListElement":[{"@type":"ListItem","position":1,"name":"Accueil","item":"https:\/\/vous-ecouter-pour-lavenir.fr\/"},{"@type":"ListItem","position":2,"name":"En vid\u00e9os"}]},{"@type":"WebSite","@id":"https:\/\/vous-ecouter-pour-lavenir.fr\/#website","url":"https:\/\/vous-ecouter-pour-lavenir.fr\/","name":"Vous \u00e9couter pour l'avenir","description":"Liste citoyenne pour les \u00e9lections municipales 2026 \u00e0 Vic-le-Comte","publisher":{"@id":"https:\/\/vous-ecouter-pour-lavenir.fr\/#organization"},"potentialAction":[{"@type":"SearchAction","target":{"@type":"EntryPoint","urlTemplate":"https:\/\/vous-ecouter-pour-lavenir.fr\/?s={search_term_string}"},"query-input":{"@type":"PropertyValueSpecification","valueRequired":true,"valueName":"search_term_string"}}],"inLanguage":"fr-FR"},{"@type":"Organization","@id":"https:\/\/vous-ecouter-pour-lavenir.fr\/#organization","name":"Vous \u00e9couter pour l'avenir","url":"https:\/\/vous-ecouter-pour-lavenir.fr\/","logo":{"@type":"ImageObject","inLanguage":"fr-FR","@id":"https:\/\/vous-ecouter-pour-lavenir.fr\/#\/schema\/logo\/image\/","url":"https:\/\/vous-ecouter-pour-lavenir.fr\/wp-content\/uploads\/2026\/01\/cropped-20260111_230439.jpg","contentUrl":"https:\/\/vous-ecouter-pour-lavenir.fr\/wp-content\/uploads\/2026\/01\/cropped-20260111_230439.jpg","width":512,"height":512,"caption":"Vous \u00e9couter pour l'avenir"},"image":{"@id":"https:\/\/vous-ecouter-pour-lavenir.fr\/#\/schema\/logo\/image\/"},"sameAs":["https:\/\/www.facebook.com\/share\/1GggEujjUo\/","https:\/\/www.instagram.com\/vousecouterpourlavenir"]}]}},"_links":{"self":[{"href":"https:\/\/vous-ecouter-pour-lavenir.fr\/index.php\/wp-json\/wp\/v2\/pages\/1774","targetHints":{"allow":["GET"]}}],"collection":[{"href":"https:\/\/vous-ecouter-pour-lavenir.fr\/index.php\/wp-json\/wp\/v2\/pages"}],"about":[{"href":"https:\/\/vous-ecouter-pour-lavenir.fr\/index.php\/wp-json\/wp\/v2\/types\/page"}],"author":[{"embeddable":true,"href":"https:\/\/vous-ecouter-pour-lavenir.fr\/index.php\/wp-json\/wp\/v2\/users\/10"}],"replies":[{"embeddable":true,"href":"https:\/\/vous-ecouter-pour-lavenir.fr\/index.php\/wp-json\/wp\/v2\/comments?post=1774"}],"version-history":[{"count":14,"href":"https:\/\/vous-ecouter-pour-lavenir.fr\/index.php\/wp-json\/wp\/v2\/pages\/1774\/revisions"}],"predecessor-version":[{"id":1939,"href":"https:\/\/vous-ecouter-pour-lavenir.fr\/index.php\/wp-json\/wp\/v2\/pages\/1774\/revisions\/1939"}],"wp:attachment":[{"href":"https:\/\/vous-ecouter-pour-lavenir.fr\/index.php\/wp-json\/wp\/v2\/media?parent=1774"}],"wp:term":[{"taxonomy":"folder","embeddable":true,"href":"https:\/\/vous-ecouter-pour-lavenir.fr\/index.php\/wp-json\/wp\/v2\/folder?post=1774"}],"curies":[{"name":"wp","href":"https:\/\/api.w.org\/{rel}","templated":true}]}}