{"id":1643,"date":"2026-03-05T22:44:37","date_gmt":"2026-03-05T21:44:37","guid":{"rendered":"https:\/\/vous-ecouter-pour-lavenir.fr\/?page_id=1643"},"modified":"2026-03-05T23:15:37","modified_gmt":"2026-03-05T22:15:37","slug":"les-competences-des-communes","status":"publish","type":"page","link":"https:\/\/vous-ecouter-pour-lavenir.fr\/index.php\/les-competences-des-communes\/","title":{"rendered":"Les comp\u00e9tences des communes"},"content":{"rendered":"\n<div class=\"wp-block-group alignwide has-custom-noir-color has-custom-vert-clair-transparent-background-color has-text-color has-background has-link-color wp-elements-d99064153df48ff45ae1d53884779652 is-layout-flow wp-block-group-is-layout-flow\" style=\"border-top-left-radius:15px;border-top-right-radius:15px;border-bottom-left-radius:15px;border-bottom-right-radius:15px;padding-top:var(--wp--preset--spacing--20);padding-right:var(--wp--preset--spacing--20);padding-bottom:var(--wp--preset--spacing--20);padding-left:var(--wp--preset--spacing--20)\">\n<h2 class=\"wp-block-heading alignwide has-text-align-center is-style-section-4 has-custom-bleu-tr-s-fonc-color has-custom-bleu-clair-background-color has-text-color has-background has-link-color wp-elements-889d55749d607b6dbf0b15d380b81858\" style=\"border-style:none;border-width:0px;border-top-left-radius:15px;border-top-right-radius:15px;border-bottom-left-radius:15px;border-bottom-right-radius:15px;margin-top:0;margin-bottom:var(--wp--preset--spacing--40);padding-top:var(--wp--preset--spacing--20);padding-right:var(--wp--preset--spacing--20);padding-bottom:var(--wp--preset--spacing--20);padding-left:var(--wp--preset--spacing--20);box-shadow:var(--wp--preset--shadow--natural)\"><strong><mark style=\"background-color:rgba(0, 0, 0, 0)\" class=\"has-inline-color has-custom-bleu-tr-s-fonc-color\">Les comp\u00e9tences des communes<\/mark><\/strong><\/h2>\n\n\n\n<div class=\"wp-block-columns is-layout-flex wp-container-core-columns-is-layout-65e523f9 wp-block-columns-is-layout-flex\">\n<div class=\"wp-block-column is-vertically-aligned-center is-layout-flow wp-block-column-is-layout-flow\" style=\"flex-basis:15%\">\n<figure class=\"wp-block-image aligncenter size-medium is-style-default\"><img loading=\"lazy\" decoding=\"async\" width=\"300\" height=\"300\" src=\"https:\/\/vous-ecouter-pour-lavenir.fr\/wp-content\/uploads\/2026\/03\/university_3612046-300x300.png\" alt=\"\" class=\"wp-image-1602\" style=\"box-shadow:none\" srcset=\"https:\/\/vous-ecouter-pour-lavenir.fr\/wp-content\/uploads\/2026\/03\/university_3612046-300x300.png 300w, https:\/\/vous-ecouter-pour-lavenir.fr\/wp-content\/uploads\/2026\/03\/university_3612046-150x150.png 150w, https:\/\/vous-ecouter-pour-lavenir.fr\/wp-content\/uploads\/2026\/03\/university_3612046.png 512w\" sizes=\"auto, (max-width: 300px) 100vw, 300px\" \/><\/figure>\n<\/div>\n\n\n\n<div class=\"wp-block-column is-vertically-aligned-bottom is-layout-flow wp-block-column-is-layout-flow\">\n<p>Les communes fran\u00e7aises jouent un r\u00f4le essentiel dans la vie quotidienne des citoyens. Elles disposent d\u2019un large \u00e9ventail de comp\u00e9tences qui r\u00e9pondent aux besoins locaux. <\/p>\n\n\n\n<p>Les communes b\u00e9n\u00e9ficient de la <strong>clause de comp\u00e9tence g\u00e9n\u00e9rale<\/strong>, un principe fondamental qui leur permet d\u2019intervenir dans tous les domaines d\u2019int\u00e9r\u00eat local. Cette flexibilit\u00e9 leur conf\u00e8re une grande autonomie pour r\u00e9pondre aux besoins sp\u00e9cifiques de leur territoire.<\/p>\n<\/div>\n<\/div>\n\n\n\n<p>Parmi les <strong>principaux champs d\u2019action des communes, dont certaines sont assur\u00e9es par les intercommunalit\u00e9s par transfert de comp\u00e9tences<\/strong> (cf <a href=\"https:\/\/vous-ecouter-pour-lavenir.fr\/index.php\/lintercommunalite\/\" type=\"page\" id=\"1639\">article d\u00e9di\u00e9<\/a>), on retrouve :<\/p>\n\n\n\n<p class=\"has-custom-vert-clair-transparent-background-color has-background\" style=\"border-top-left-radius:15px;border-top-right-radius:15px;border-bottom-left-radius:15px;border-bottom-right-radius:15px;margin-right:var(--wp--preset--spacing--80);padding-top:var(--wp--preset--spacing--20);padding-right:var(--wp--preset--spacing--20);padding-bottom:var(--wp--preset--spacing--20);padding-left:var(--wp--preset--spacing--20)\"><mark style=\"background-color:rgba(0, 0, 0, 0)\" class=\"has-inline-color has-custom-bleu-tr-s-fonc-color\"><strong>L\u2019urbanisme et l\u2019am\u00e9nagement du territoire<\/strong><br><\/mark>Les communes jouent un r\u00f4le important dans l\u2019am\u00e9nagement du territoire. Elles \u00e9laborent les <strong>plans locaux d\u2019urbanisme <\/strong>\u00e0 l\u2019\u00e9chelle d\u2019une commune (PLU) ou d\u2019un groupement de communes (PLUi). Ces derniers r\u00e9gulent l\u2019utilisation des sols et le d\u00e9veloppement local. Leur objectif est de concilier le d\u00e9veloppement urbain, la pr\u00e9servation des espaces naturels et agricoles et de r\u00e9pondre aux enjeux environnementaux et sociaux du territoire. Les communes d\u00e9livrent les <strong>autorisations d&rsquo;urbanisme <\/strong>li\u00e9es au droit du sol (permis de construire, d\u00e9claration pr\u00e9alable&#8230;) dans le respect des r\u00e8gles d&rsquo;urbanisme.<\/p>\n\n\n\n<p class=\"has-custom-bleu-clair-transparent-background-color has-background\" style=\"border-top-left-radius:15px;border-top-right-radius:15px;border-bottom-left-radius:15px;border-bottom-right-radius:15px;margin-left:var(--wp--preset--spacing--80);padding-top:var(--wp--preset--spacing--20);padding-right:var(--wp--preset--spacing--20);padding-bottom:var(--wp--preset--spacing--20);padding-left:var(--wp--preset--spacing--20)\"><mark style=\"background-color:rgba(0, 0, 0, 0)\" class=\"has-inline-color has-custom-bleu-tr-s-fonc-color\"><strong>L\u2019\u00e9ducation (\u00e9coles maternelles et primaires)<\/strong><br><\/mark>Les communes sont responsables de la <strong>gestion des \u00e9coles<\/strong> maternelles et primaires. Cela inclut la construction, l\u2019entretien et le fonctionnement des \u00e9tablissements scolaires du premier degr\u00e9. Elles veillent ainsi \u00e0 offrir un cadre propice \u00e0 l\u2019apprentissage des plus jeunes. Les communes ont aussi la responsabilit\u00e9 de la gestion des <strong>temps p\u00e9riscolaires<\/strong> et peuvent s\u2019organiser librement concernant les modalit\u00e9s d\u2019accueil des enfants sous leur responsabilit\u00e9. Elles g\u00e8rent aussi l\u2019organisation des <strong>cantines scolaires<\/strong>.<\/p>\n\n\n\n<p class=\"has-custom-vert-clair-transparent-background-color has-background\" style=\"border-top-left-radius:15px;border-top-right-radius:15px;border-bottom-left-radius:15px;border-bottom-right-radius:15px;margin-right:var(--wp--preset--spacing--80);padding-top:var(--wp--preset--spacing--20);padding-right:var(--wp--preset--spacing--20);padding-bottom:var(--wp--preset--spacing--20);padding-left:var(--wp--preset--spacing--20)\"><mark style=\"background-color:rgba(0, 0, 0, 0)\" class=\"has-inline-color has-custom-bleu-tr-s-fonc-color\"><strong>L\u2019action sociale de proximit\u00e9<\/strong><br><\/mark>L\u2019action sociale est un des piliers des comp\u00e9tences municipales. Les communes g\u00e8rent les <strong>structures d\u2019accueil pour la petite enfance<\/strong>, comme les cr\u00e8ches. Elles sont aussi charg\u00e9s de mettre en place des <strong>dispositifs d\u2019aide pour les personnes \u00e2g\u00e9es ou en difficult\u00e9<\/strong> avec les centres communaux d\u2019action social (CCAS).<\/p>\n\n\n\n<p class=\"has-custom-bleu-clair-transparent-background-color has-background\" style=\"border-top-left-radius:15px;border-top-right-radius:15px;border-bottom-left-radius:15px;border-bottom-right-radius:15px;margin-left:var(--wp--preset--spacing--80);padding-top:var(--wp--preset--spacing--20);padding-right:var(--wp--preset--spacing--20);padding-bottom:var(--wp--preset--spacing--20);padding-left:var(--wp--preset--spacing--20)\"><mark style=\"background-color:rgba(0, 0, 0, 0)\" class=\"has-inline-color has-custom-bleu-tr-s-fonc-color\"><strong>La culture, le sport et le patrimoine<\/strong><br><\/mark>Les communes ont des comp\u00e9tences vari\u00e9es en mati\u00e8re de culture, de sport et de patrimoine. Celles-ci sont partag\u00e9es avec les d\u00e9partements et les r\u00e9gions et les collectivit\u00e9s \u00e0 statut particulier (la Corse, la M\u00e9tropole de Lyon\u2026). Ces comp\u00e9tences concernent le financement de biblioth\u00e8ques, de mus\u00e9es, de salles de cin\u00e9ma ou d\u2019\u00e9ducation artistique et des \u00e9quipements sportifs. Les communes sont aussi responsables de la mise en \u0153uvre de la protection, de la conservation et de la valorisation des <strong>monuments historiques<\/strong> ainsi que de la conservation des objets mobiliers class\u00e9s et de la mise en valeur des sites arch\u00e9ologiques. Elles peuvent conclure des partenariats avec l\u2019Etat pour soutenir des projets culturels sp\u00e9cifiques. Les communes doivent consacrer 1% du montant de l\u2019investissement \u00e0 l\u2019insertion d\u2019\u0153uvres d\u2019art dans toutes les constructions et r\u00e9habilitations.<\/p>\n\n\n\n<p class=\"has-custom-vert-clair-transparent-background-color has-background\" style=\"border-top-left-radius:15px;border-top-right-radius:15px;border-bottom-left-radius:15px;border-bottom-right-radius:15px;margin-right:var(--wp--preset--spacing--80);padding-top:var(--wp--preset--spacing--20);padding-right:var(--wp--preset--spacing--20);padding-bottom:var(--wp--preset--spacing--20);padding-left:var(--wp--preset--spacing--20)\"><mark style=\"background-color:rgba(0, 0, 0, 0)\" class=\"has-inline-color has-custom-bleu-tr-s-fonc-color\"><strong>L\u2019environnement et le cadre de vie<\/strong><br><\/mark>Les communes sont responsables de la cr\u00e9ation et de l\u2019entretien des <strong>espaces verts<\/strong>, de la protection de la <strong>biodiversit\u00e9<\/strong>, de la gestion des <strong>espace naturels<\/strong>, de la surveillance des <strong>eaux <\/strong>et for\u00eats, et de l\u2019<strong>am\u00e9nagement du territoire<\/strong> afin de pr\u00e9server l\u2019environnement et favoriser le d\u00e9veloppement durable. La gestion de l\u2019eau et de l\u2019assainissement est un domaine en mutation. Le transfert de cette comp\u00e9tence aux intercommunalit\u00e9s \u00e9tait pr\u00e9vu pour 2026, mais la loi n\u00b02025-327 du 11\/04\/2025 permet aux communes de choisir librement de conserver, ou transf\u00e9rer les comp\u00e9tences \u00ab eau \u00bb et \u00ab assainissement \u00bb, soit \u00e0 un syndicat, soit \u00e0 leur communaut\u00e9 de communes. Evidemment, les transferts r\u00e9alis\u00e9s avant la promulgation de la loi ne peuvent pas \u00eatre remis en cause. Cette loi refl\u00e8te la volont\u00e9 de pr\u00e9server une certaine autonomie locale dans la gestion des ressources hydriques avec une meilleure prise en compte des sp\u00e9cificit\u00e9s des territoires. La gestion de l\u2019eau est cruciale pour le d\u00e9veloppement durable des territoires et n\u00e9cessite une coordination efficace entre les parties prenantes.<br>Les communes ont \u00e9galement en charge l&rsquo;<strong>entretien et l&rsquo;\u00e9clairage public de la voirie communale<\/strong>. <\/p>\n\n\n\n<p class=\"has-custom-bleu-clair-transparent-background-color has-background\" style=\"border-top-left-radius:15px;border-top-right-radius:15px;border-bottom-left-radius:15px;border-bottom-right-radius:15px;margin-left:var(--wp--preset--spacing--80);padding-top:var(--wp--preset--spacing--20);padding-right:var(--wp--preset--spacing--20);padding-bottom:var(--wp--preset--spacing--20);padding-left:var(--wp--preset--spacing--20)\"><mark style=\"background-color:rgba(0, 0, 0, 0)\" class=\"has-inline-color has-custom-bleu-tr-s-fonc-color\"><strong>La s\u00e9curit\u00e9 et l\u2019ordre public<\/strong><br><\/mark>Le maire est charg\u00e9 du pouvoir de police. Les comp\u00e9tences de police et de s\u00e9curit\u00e9 publique dans les communes sont d\u00e9finies par la loi et les d\u00e9cisions des \u00e9lus locaux. Les maires peuvent cr\u00e9er des services de <strong>police municipale<\/strong> \u00e0 comp\u00e9tences judiciaire \u00e9largie sous certaines conditions. La police municipale joue un r\u00f4le essentiel dans la <strong>pr\u00e9vention<\/strong>, la surveillance de la <strong>tranquillit\u00e9<\/strong>, de la <strong>s\u00e9curit\u00e9 <\/strong>et de la <strong>salubrit\u00e9 <\/strong>publiques. Les agents de la police municipale exercent leurs fonctions sous l\u2019autorit\u00e9 du maire.<\/p>\n\n\n\n<p class=\"has-custom-vert-clair-transparent-background-color has-background\" style=\"border-top-left-radius:15px;border-top-right-radius:15px;border-bottom-left-radius:15px;border-bottom-right-radius:15px;margin-right:var(--wp--preset--spacing--80);padding-top:var(--wp--preset--spacing--20);padding-right:var(--wp--preset--spacing--20);padding-bottom:var(--wp--preset--spacing--20);padding-left:var(--wp--preset--spacing--20)\"><mark style=\"background-color:rgba(0, 0, 0, 0)\" class=\"has-inline-color has-custom-bleu-tr-s-fonc-color\"><strong>La gestion des finances locales<\/strong><br><\/mark>Les communes sont financ\u00e9es par les contribuables locaux, les dotations de l\u2019Etat, des subventions, et si besoin par l\u2019emprunt (endettement). Le conseil municipal vote le budget. La commune doit <strong>garantir une utilisation responsable des ressources<\/strong> afin de <strong>r\u00e9pondre aux besoins des habitants<\/strong> et de <strong>pr\u00e9parer l\u2019avenir des territoires<\/strong>. Les d\u00e9penses locales sont encadr\u00e9es juridiquement et soumises \u00e0 un strict contr\u00f4le.<\/p>\n\n\n\n<p>En 2024 un changement significatif concernait la police de la publicit\u00e9, une comp\u00e9tence auparavant exerc\u00e9e par les pr\u00e9fets. \u00c0 partir du 1<sup>er<\/sup> janvier 2024, cette responsabilit\u00e9 a \u00e9t\u00e9 transf\u00e9r\u00e9e aux maires, renfor\u00e7ant ainsi leur pouvoir de r\u00e9gulation de l\u2019affichage publicitaire sur leur territoire. Ce transfert s\u2019accompagne d\u2019une particularit\u00e9 pour les communes membres d\u2019un \u00c9tablissement Public de Coop\u00e9ration Intercommunale (EPCI). Dans ce cas, la comp\u00e9tence est automatiquement transmise au pr\u00e9sident de l\u2019EPCI. Toutefois, les maires disposent d\u2019un droit d\u2019opposition \u00e0 ce transfert, sous certaines conditions.<\/p>\n\n\n\n<p>Par ailleurs, <strong>le maire assure des fonctions de repr\u00e9sentant de l\u2019\u00c9tat dans la commune<\/strong>. A ce titre, il est notamment charg\u00e9 de l\u2019\u00e9tat-civil&nbsp;(actes d\u2019\u00e9tat-civil, mariages, enregistrement des naissances et d\u00e9c\u00e8s&#8230;) et assure d&rsquo;autres fonctions administratives comme l&rsquo;organisation des \u00e9lections, la r\u00e9vision des listes \u00e9lectorales ou encore le recensement de la population (organis\u00e9 par l&rsquo;INSEE).<\/p>\n<\/div>\n","protected":false},"excerpt":{"rendered":"<p>Les comp\u00e9tences des communes Les communes fran\u00e7aises jouent un r\u00f4le essentiel dans la vie quotidienne des citoyens. Elles disposent d\u2019un large \u00e9ventail de comp\u00e9tences qui r\u00e9pondent aux besoins locaux. Les communes b\u00e9n\u00e9ficient de la clause de comp\u00e9tence g\u00e9n\u00e9rale, un principe fondamental qui leur permet d\u2019intervenir dans tous les domaines d\u2019int\u00e9r\u00eat local. Cette flexibilit\u00e9 leur conf\u00e8re [&hellip;]<\/p>\n","protected":false},"author":10,"featured_media":0,"parent":0,"menu_order":0,"comment_status":"closed","ping_status":"closed","template":"","meta":{"footnotes":""},"folder":[],"class_list":["post-1643","page","type-page","status-publish","hentry"],"yoast_head":"<!-- This site is optimized with the Yoast SEO plugin v27.4 - https:\/\/yoast.com\/product\/yoast-seo-wordpress\/ -->\n<title>Les comp\u00e9tences des communes - Vous \u00e9couter pour l&#039;avenir<\/title>\n<meta name=\"robots\" content=\"index, follow, max-snippet:-1, max-image-preview:large, max-video-preview:-1\" \/>\n<link rel=\"canonical\" href=\"https:\/\/vous-ecouter-pour-lavenir.fr\/index.php\/les-competences-des-communes\/\" \/>\n<meta property=\"og:locale\" content=\"fr_FR\" \/>\n<meta property=\"og:type\" content=\"article\" \/>\n<meta property=\"og:title\" content=\"Les comp\u00e9tences des communes - Vous \u00e9couter pour l&#039;avenir\" \/>\n<meta property=\"og:description\" content=\"Les comp\u00e9tences des communes Les communes fran\u00e7aises jouent un r\u00f4le essentiel dans la vie quotidienne des citoyens. Elles disposent d\u2019un large \u00e9ventail de comp\u00e9tences qui r\u00e9pondent aux besoins locaux. Les communes b\u00e9n\u00e9ficient de la clause de comp\u00e9tence g\u00e9n\u00e9rale, un principe fondamental qui leur permet d\u2019intervenir dans tous les domaines d\u2019int\u00e9r\u00eat local. Cette flexibilit\u00e9 leur conf\u00e8re [&hellip;]\" \/>\n<meta property=\"og:url\" content=\"https:\/\/vous-ecouter-pour-lavenir.fr\/index.php\/les-competences-des-communes\/\" \/>\n<meta property=\"og:site_name\" content=\"Vous \u00e9couter pour l&#039;avenir\" \/>\n<meta property=\"article:publisher\" content=\"https:\/\/www.facebook.com\/share\/1GggEujjUo\/\" \/>\n<meta property=\"article:modified_time\" content=\"2026-03-05T22:15:37+00:00\" \/>\n<meta property=\"og:image\" content=\"https:\/\/vous-ecouter-pour-lavenir.fr\/wp-content\/uploads\/2026\/03\/university_3612046.png\" \/>\n\t<meta property=\"og:image:width\" content=\"512\" \/>\n\t<meta property=\"og:image:height\" content=\"512\" \/>\n\t<meta property=\"og:image:type\" content=\"image\/png\" \/>\n<meta name=\"twitter:card\" content=\"summary_large_image\" \/>\n<meta name=\"twitter:label1\" content=\"Dur\u00e9e de lecture estim\u00e9e\" \/>\n\t<meta name=\"twitter:data1\" content=\"5 minutes\" \/>\n<script type=\"application\/ld+json\" class=\"yoast-schema-graph\">{\"@context\":\"https:\\\/\\\/schema.org\",\"@graph\":[{\"@type\":\"WebPage\",\"@id\":\"https:\\\/\\\/vous-ecouter-pour-lavenir.fr\\\/index.php\\\/les-competences-des-communes\\\/\",\"url\":\"https:\\\/\\\/vous-ecouter-pour-lavenir.fr\\\/index.php\\\/les-competences-des-communes\\\/\",\"name\":\"Les comp\u00e9tences des communes - Vous \u00e9couter pour l&#039;avenir\",\"isPartOf\":{\"@id\":\"https:\\\/\\\/vous-ecouter-pour-lavenir.fr\\\/#website\"},\"primaryImageOfPage\":{\"@id\":\"https:\\\/\\\/vous-ecouter-pour-lavenir.fr\\\/index.php\\\/les-competences-des-communes\\\/#primaryimage\"},\"image\":{\"@id\":\"https:\\\/\\\/vous-ecouter-pour-lavenir.fr\\\/index.php\\\/les-competences-des-communes\\\/#primaryimage\"},\"thumbnailUrl\":\"https:\\\/\\\/vous-ecouter-pour-lavenir.fr\\\/wp-content\\\/uploads\\\/2026\\\/03\\\/university_3612046-300x300.png\",\"datePublished\":\"2026-03-05T21:44:37+00:00\",\"dateModified\":\"2026-03-05T22:15:37+00:00\",\"breadcrumb\":{\"@id\":\"https:\\\/\\\/vous-ecouter-pour-lavenir.fr\\\/index.php\\\/les-competences-des-communes\\\/#breadcrumb\"},\"inLanguage\":\"fr-FR\",\"potentialAction\":[{\"@type\":\"ReadAction\",\"target\":[\"https:\\\/\\\/vous-ecouter-pour-lavenir.fr\\\/index.php\\\/les-competences-des-communes\\\/\"]}]},{\"@type\":\"ImageObject\",\"inLanguage\":\"fr-FR\",\"@id\":\"https:\\\/\\\/vous-ecouter-pour-lavenir.fr\\\/index.php\\\/les-competences-des-communes\\\/#primaryimage\",\"url\":\"https:\\\/\\\/vous-ecouter-pour-lavenir.fr\\\/wp-content\\\/uploads\\\/2026\\\/03\\\/university_3612046.png\",\"contentUrl\":\"https:\\\/\\\/vous-ecouter-pour-lavenir.fr\\\/wp-content\\\/uploads\\\/2026\\\/03\\\/university_3612046.png\",\"width\":512,\"height\":512},{\"@type\":\"BreadcrumbList\",\"@id\":\"https:\\\/\\\/vous-ecouter-pour-lavenir.fr\\\/index.php\\\/les-competences-des-communes\\\/#breadcrumb\",\"itemListElement\":[{\"@type\":\"ListItem\",\"position\":1,\"name\":\"Accueil\",\"item\":\"https:\\\/\\\/vous-ecouter-pour-lavenir.fr\\\/\"},{\"@type\":\"ListItem\",\"position\":2,\"name\":\"Les comp\u00e9tences des communes\"}]},{\"@type\":\"WebSite\",\"@id\":\"https:\\\/\\\/vous-ecouter-pour-lavenir.fr\\\/#website\",\"url\":\"https:\\\/\\\/vous-ecouter-pour-lavenir.fr\\\/\",\"name\":\"Vous \u00e9couter pour l'avenir\",\"description\":\"Liste citoyenne pour les \u00e9lections municipales 2026 \u00e0 Vic-le-Comte\",\"publisher\":{\"@id\":\"https:\\\/\\\/vous-ecouter-pour-lavenir.fr\\\/#organization\"},\"potentialAction\":[{\"@type\":\"SearchAction\",\"target\":{\"@type\":\"EntryPoint\",\"urlTemplate\":\"https:\\\/\\\/vous-ecouter-pour-lavenir.fr\\\/?s={search_term_string}\"},\"query-input\":{\"@type\":\"PropertyValueSpecification\",\"valueRequired\":true,\"valueName\":\"search_term_string\"}}],\"inLanguage\":\"fr-FR\"},{\"@type\":\"Organization\",\"@id\":\"https:\\\/\\\/vous-ecouter-pour-lavenir.fr\\\/#organization\",\"name\":\"Vous \u00e9couter pour l'avenir\",\"url\":\"https:\\\/\\\/vous-ecouter-pour-lavenir.fr\\\/\",\"logo\":{\"@type\":\"ImageObject\",\"inLanguage\":\"fr-FR\",\"@id\":\"https:\\\/\\\/vous-ecouter-pour-lavenir.fr\\\/#\\\/schema\\\/logo\\\/image\\\/\",\"url\":\"https:\\\/\\\/vous-ecouter-pour-lavenir.fr\\\/wp-content\\\/uploads\\\/2026\\\/01\\\/cropped-20260111_230439.jpg\",\"contentUrl\":\"https:\\\/\\\/vous-ecouter-pour-lavenir.fr\\\/wp-content\\\/uploads\\\/2026\\\/01\\\/cropped-20260111_230439.jpg\",\"width\":512,\"height\":512,\"caption\":\"Vous \u00e9couter pour l'avenir\"},\"image\":{\"@id\":\"https:\\\/\\\/vous-ecouter-pour-lavenir.fr\\\/#\\\/schema\\\/logo\\\/image\\\/\"},\"sameAs\":[\"https:\\\/\\\/www.facebook.com\\\/share\\\/1GggEujjUo\\\/\",\"https:\\\/\\\/www.instagram.com\\\/vousecouterpourlavenir\"]}]}<\/script>\n<!-- \/ Yoast SEO plugin. -->","yoast_head_json":{"title":"Les comp\u00e9tences des communes - Vous \u00e9couter pour l&#039;avenir","robots":{"index":"index","follow":"follow","max-snippet":"max-snippet:-1","max-image-preview":"max-image-preview:large","max-video-preview":"max-video-preview:-1"},"canonical":"https:\/\/vous-ecouter-pour-lavenir.fr\/index.php\/les-competences-des-communes\/","og_locale":"fr_FR","og_type":"article","og_title":"Les comp\u00e9tences des communes - Vous \u00e9couter pour l&#039;avenir","og_description":"Les comp\u00e9tences des communes Les communes fran\u00e7aises jouent un r\u00f4le essentiel dans la vie quotidienne des citoyens. Elles disposent d\u2019un large \u00e9ventail de comp\u00e9tences qui r\u00e9pondent aux besoins locaux. Les communes b\u00e9n\u00e9ficient de la clause de comp\u00e9tence g\u00e9n\u00e9rale, un principe fondamental qui leur permet d\u2019intervenir dans tous les domaines d\u2019int\u00e9r\u00eat local. Cette flexibilit\u00e9 leur conf\u00e8re [&hellip;]","og_url":"https:\/\/vous-ecouter-pour-lavenir.fr\/index.php\/les-competences-des-communes\/","og_site_name":"Vous \u00e9couter pour l&#039;avenir","article_publisher":"https:\/\/www.facebook.com\/share\/1GggEujjUo\/","article_modified_time":"2026-03-05T22:15:37+00:00","og_image":[{"width":512,"height":512,"url":"https:\/\/vous-ecouter-pour-lavenir.fr\/wp-content\/uploads\/2026\/03\/university_3612046.png","type":"image\/png"}],"twitter_card":"summary_large_image","twitter_misc":{"Dur\u00e9e de lecture estim\u00e9e":"5 minutes"},"schema":{"@context":"https:\/\/schema.org","@graph":[{"@type":"WebPage","@id":"https:\/\/vous-ecouter-pour-lavenir.fr\/index.php\/les-competences-des-communes\/","url":"https:\/\/vous-ecouter-pour-lavenir.fr\/index.php\/les-competences-des-communes\/","name":"Les comp\u00e9tences des communes - Vous \u00e9couter pour l&#039;avenir","isPartOf":{"@id":"https:\/\/vous-ecouter-pour-lavenir.fr\/#website"},"primaryImageOfPage":{"@id":"https:\/\/vous-ecouter-pour-lavenir.fr\/index.php\/les-competences-des-communes\/#primaryimage"},"image":{"@id":"https:\/\/vous-ecouter-pour-lavenir.fr\/index.php\/les-competences-des-communes\/#primaryimage"},"thumbnailUrl":"https:\/\/vous-ecouter-pour-lavenir.fr\/wp-content\/uploads\/2026\/03\/university_3612046-300x300.png","datePublished":"2026-03-05T21:44:37+00:00","dateModified":"2026-03-05T22:15:37+00:00","breadcrumb":{"@id":"https:\/\/vous-ecouter-pour-lavenir.fr\/index.php\/les-competences-des-communes\/#breadcrumb"},"inLanguage":"fr-FR","potentialAction":[{"@type":"ReadAction","target":["https:\/\/vous-ecouter-pour-lavenir.fr\/index.php\/les-competences-des-communes\/"]}]},{"@type":"ImageObject","inLanguage":"fr-FR","@id":"https:\/\/vous-ecouter-pour-lavenir.fr\/index.php\/les-competences-des-communes\/#primaryimage","url":"https:\/\/vous-ecouter-pour-lavenir.fr\/wp-content\/uploads\/2026\/03\/university_3612046.png","contentUrl":"https:\/\/vous-ecouter-pour-lavenir.fr\/wp-content\/uploads\/2026\/03\/university_3612046.png","width":512,"height":512},{"@type":"BreadcrumbList","@id":"https:\/\/vous-ecouter-pour-lavenir.fr\/index.php\/les-competences-des-communes\/#breadcrumb","itemListElement":[{"@type":"ListItem","position":1,"name":"Accueil","item":"https:\/\/vous-ecouter-pour-lavenir.fr\/"},{"@type":"ListItem","position":2,"name":"Les comp\u00e9tences des communes"}]},{"@type":"WebSite","@id":"https:\/\/vous-ecouter-pour-lavenir.fr\/#website","url":"https:\/\/vous-ecouter-pour-lavenir.fr\/","name":"Vous \u00e9couter pour l'avenir","description":"Liste citoyenne pour les \u00e9lections municipales 2026 \u00e0 Vic-le-Comte","publisher":{"@id":"https:\/\/vous-ecouter-pour-lavenir.fr\/#organization"},"potentialAction":[{"@type":"SearchAction","target":{"@type":"EntryPoint","urlTemplate":"https:\/\/vous-ecouter-pour-lavenir.fr\/?s={search_term_string}"},"query-input":{"@type":"PropertyValueSpecification","valueRequired":true,"valueName":"search_term_string"}}],"inLanguage":"fr-FR"},{"@type":"Organization","@id":"https:\/\/vous-ecouter-pour-lavenir.fr\/#organization","name":"Vous \u00e9couter pour l'avenir","url":"https:\/\/vous-ecouter-pour-lavenir.fr\/","logo":{"@type":"ImageObject","inLanguage":"fr-FR","@id":"https:\/\/vous-ecouter-pour-lavenir.fr\/#\/schema\/logo\/image\/","url":"https:\/\/vous-ecouter-pour-lavenir.fr\/wp-content\/uploads\/2026\/01\/cropped-20260111_230439.jpg","contentUrl":"https:\/\/vous-ecouter-pour-lavenir.fr\/wp-content\/uploads\/2026\/01\/cropped-20260111_230439.jpg","width":512,"height":512,"caption":"Vous \u00e9couter pour l'avenir"},"image":{"@id":"https:\/\/vous-ecouter-pour-lavenir.fr\/#\/schema\/logo\/image\/"},"sameAs":["https:\/\/www.facebook.com\/share\/1GggEujjUo\/","https:\/\/www.instagram.com\/vousecouterpourlavenir"]}]}},"_links":{"self":[{"href":"https:\/\/vous-ecouter-pour-lavenir.fr\/index.php\/wp-json\/wp\/v2\/pages\/1643","targetHints":{"allow":["GET"]}}],"collection":[{"href":"https:\/\/vous-ecouter-pour-lavenir.fr\/index.php\/wp-json\/wp\/v2\/pages"}],"about":[{"href":"https:\/\/vous-ecouter-pour-lavenir.fr\/index.php\/wp-json\/wp\/v2\/types\/page"}],"author":[{"embeddable":true,"href":"https:\/\/vous-ecouter-pour-lavenir.fr\/index.php\/wp-json\/wp\/v2\/users\/10"}],"replies":[{"embeddable":true,"href":"https:\/\/vous-ecouter-pour-lavenir.fr\/index.php\/wp-json\/wp\/v2\/comments?post=1643"}],"version-history":[{"count":5,"href":"https:\/\/vous-ecouter-pour-lavenir.fr\/index.php\/wp-json\/wp\/v2\/pages\/1643\/revisions"}],"predecessor-version":[{"id":1663,"href":"https:\/\/vous-ecouter-pour-lavenir.fr\/index.php\/wp-json\/wp\/v2\/pages\/1643\/revisions\/1663"}],"wp:attachment":[{"href":"https:\/\/vous-ecouter-pour-lavenir.fr\/index.php\/wp-json\/wp\/v2\/media?parent=1643"}],"wp:term":[{"taxonomy":"folder","embeddable":true,"href":"https:\/\/vous-ecouter-pour-lavenir.fr\/index.php\/wp-json\/wp\/v2\/folder?post=1643"}],"curies":[{"name":"wp","href":"https:\/\/api.w.org\/{rel}","templated":true}]}}