{"id":1139,"date":"2026-03-04T22:41:57","date_gmt":"2026-03-04T21:41:57","guid":{"rendered":"https:\/\/vous-ecouter-pour-lavenir.fr\/?page_id=1139"},"modified":"2026-03-04T22:41:57","modified_gmt":"2026-03-04T21:41:57","slug":"de-nouveaux-espaces","status":"publish","type":"page","link":"https:\/\/vous-ecouter-pour-lavenir.fr\/index.php\/decryptage-du-bilan-2020-2026\/de-nouveaux-espaces\/","title":{"rendered":"\u00ab\u00a0De nouveaux espaces\u00a0\u00bb"},"content":{"rendered":"\n<div class=\"wp-block-group alignfull has-custom-noir-color has-text-color has-link-color wp-elements-c59b4041dd3c9c9f94a7725f03641ca5 has-global-padding is-layout-constrained wp-container-core-group-is-layout-8c78a9d5 wp-block-group-is-layout-constrained\" style=\"margin-top:0;margin-bottom:0;padding-top:var(--wp--preset--spacing--30);padding-bottom:var(--wp--preset--spacing--30)\">\n<p class=\"has-text-align-center\"><strong>D\u00e9cryptage du bilan 2020-2026<\/strong><\/p>\n\n\n\n<div class=\"wp-block-group alignwide is-style-default has-custom-noir-color has-custom-bleu-clair-transparent-background-color has-text-color has-background has-link-color wp-elements-29be203e51ed7e002c7bd43a8b92c911 is-content-justification-center is-nowrap is-layout-flex wp-container-core-group-is-layout-83429d1c wp-block-group-is-layout-flex\" style=\"border-width:1px;border-top-left-radius:15px;border-top-right-radius:15px;border-bottom-left-radius:15px;border-bottom-right-radius:15px;margin-top:var(--wp--preset--spacing--30);margin-right:var(--wp--preset--spacing--50);margin-bottom:var(--wp--preset--spacing--30);margin-left:var(--wp--preset--spacing--50);padding-top:var(--wp--preset--spacing--20);padding-right:var(--wp--preset--spacing--20);padding-bottom:var(--wp--preset--spacing--20);padding-left:var(--wp--preset--spacing--20);box-shadow:var(--wp--preset--shadow--natural)\"><nav class=\"has-large-font-size items-justified-left wp-block-navigation is-horizontal is-content-justification-left is-layout-flex wp-container-core-navigation-is-layout-3b454f0f wp-block-navigation-is-layout-flex\" aria-label=\"Menu-decryptage\"><ul class=\"wp-block-navigation__container has-large-font-size items-justified-left wp-block-navigation has-large-font-size\"><li class=\"has-large-font-size wp-block-navigation-item hvr-bob wp-block-navigation-link\"><a class=\"wp-block-navigation-item__content\"  href=\"https:\/\/vous-ecouter-pour-lavenir.fr\/index.php\/decryptage-du-bilan-2020-2026\/transition-ecologique\/\"><span class=\"wp-block-navigation-item__label\">\u00ab\u00a0Transition \u00e9cologique\u00a0\u00bb<\/span><\/a><\/li><li class=\"has-large-font-size wp-block-navigation-item hvr-bob wp-block-navigation-link\"><a class=\"wp-block-navigation-item__content\"  href=\"https:\/\/vous-ecouter-pour-lavenir.fr\/index.php\/decryptage-du-bilan-2020-2026\/pour-une-ville-inclusive\/\"><span class=\"wp-block-navigation-item__label\">\u00ab\u00a0Pour une ville inclusive\u00a0\u00bb<\/span><\/a><\/li><li class=\"has-large-font-size wp-block-navigation-item hvr-bob wp-block-navigation-link\"><a class=\"wp-block-navigation-item__content\"  href=\"https:\/\/vous-ecouter-pour-lavenir.fr\/index.php\/decryptage-du-bilan-2020-2026\/les-services-publics\/\"><span class=\"wp-block-navigation-item__label\">\u00ab\u00a0Les services publics\u00a0\u00bb<\/span><\/a><\/li><li class=\"has-large-font-size wp-block-navigation-item hvr-bob wp-block-navigation-link\"><a class=\"wp-block-navigation-item__content\"  href=\"https:\/\/vous-ecouter-pour-lavenir.fr\/index.php\/decryptage-du-bilan-2020-2026\/la-mobilite\/\"><span class=\"wp-block-navigation-item__label\">\u00ab\u00a0La mobilit\u00e9\u00a0\u00bb<\/span><\/a><\/li><li class=\"has-large-font-size wp-block-navigation-item hvr-bob wp-block-navigation-link\"><a class=\"wp-block-navigation-item__content\"  href=\"https:\/\/vous-ecouter-pour-lavenir.fr\/index.php\/decryptage-du-bilan-2020-2026\/de-nouveaux-espaces\/\"><span class=\"wp-block-navigation-item__label\">\u00ab\u00a0De nouveaux espaces\u00a0\u00bb<\/span><\/a><\/li><li class=\"has-large-font-size wp-block-navigation-item hvr-bob wp-block-navigation-link\"><a class=\"wp-block-navigation-item__content\"  href=\"https:\/\/vous-ecouter-pour-lavenir.fr\/index.php\/decryptage-du-bilan-2020-2026\/la-vie-scolaire\/\" rel=\"\"><span class=\"wp-block-navigation-item__label\">\u00ab\u00a0La vie scolaire\u00a0\u00bb<\/span><\/a><\/li><li class=\"has-large-font-size wp-block-navigation-item hvr-bob wp-block-navigation-link\"><a class=\"wp-block-navigation-item__content\"  href=\"https:\/\/vous-ecouter-pour-lavenir.fr\/index.php\/decryptage-du-bilan-2020-2026\/le-patrimoine\/\"><span class=\"wp-block-navigation-item__label\">\u00ab\u00a0Le patrimoine\u00a0\u00bb<\/span><\/a><\/li><li class=\"has-large-font-size wp-block-navigation-item hvr-bob wp-block-navigation-link\"><a class=\"wp-block-navigation-item__content\"  href=\"https:\/\/vous-ecouter-pour-lavenir.fr\/index.php\/decryptage-du-bilan-2020-2026\/les-outils-de-communication\/\"><span class=\"wp-block-navigation-item__label\">\u00ab\u00a0Les outils de communication\u00a0\u00bb<\/span><\/a><\/li><\/ul><\/nav><\/div>\n\n\n\n<h2 class=\"wp-block-heading alignwide has-text-align-center has-custom-bleu-fonc-color has-text-color has-link-color wp-elements-9bd5669548dfc8e925e677a1940b683d\" style=\"margin-top:0;margin-bottom:0\"><strong>\u00ab\u00a0De nouveaux espaces\u00a0\u00bb<\/strong><\/h2>\n\n\n\n<div class=\"wp-block-group alignwide is-vertical is-content-justification-center is-layout-flex wp-container-core-group-is-layout-15a88ba5 wp-block-group-is-layout-flex\">\n<div class=\"wp-block-group alignwide has-custom-vert-clair-transparent-background-color has-background has-global-padding is-layout-constrained wp-container-core-group-is-layout-80fb368b wp-block-group-is-layout-constrained\" style=\"border-top-left-radius:15px;border-top-right-radius:15px;border-bottom-left-radius:15px;border-bottom-right-radius:15px;padding-top:var(--wp--preset--spacing--30);padding-right:var(--wp--preset--spacing--30);padding-bottom:var(--wp--preset--spacing--30);padding-left:var(--wp--preset--spacing--30)\">\n<div class=\"wp-block-group alignwide is-style-section-4 has-custom-bleu-tr-s-fonc-color has-custom-bleu-clair-background-color has-text-color has-background has-link-color wp-elements-1b75510aecbecefcd8cdd639e591a6fa is-content-justification-center is-nowrap is-layout-flex wp-container-core-group-is-layout-1a5b6bc7 wp-block-group-is-layout-flex is-style-section-4--1\" style=\"border-style:none;border-width:0px;border-top-left-radius:15px;border-top-right-radius:15px;border-bottom-left-radius:15px;border-bottom-right-radius:15px;margin-top:0;margin-bottom:0;padding-top:var(--wp--preset--spacing--20);padding-right:var(--wp--preset--spacing--20);padding-bottom:var(--wp--preset--spacing--20);padding-left:var(--wp--preset--spacing--20);box-shadow:var(--wp--preset--shadow--natural)\">\n<h2 class=\"wp-block-heading\"><strong><mark style=\"background-color:rgba(0, 0, 0, 0)\" class=\"has-inline-color has-custom-bleu-tr-s-fonc-color\">\u00ab\u00a0Les city-stades\u00a0\u00bb<\/mark><\/strong><\/h2>\n<\/div>\n\n\n\n<div class=\"wp-block-columns alignwide is-layout-flex wp-container-core-columns-is-layout-28f84493 wp-block-columns-is-layout-flex\" style=\"border-style:none;border-width:0px\">\n<div class=\"wp-block-column is-vertically-aligned-top is-layout-flow wp-container-core-column-is-layout-b9598678 wp-block-column-is-layout-flow\" style=\"padding-top:0;padding-bottom:0\">\n<h3 class=\"wp-block-heading has-text-align-center is-style-section-4 has-custom-blanc-color has-custom-bleu-fonc-background-color has-text-color has-background has-link-color wp-elements-d3f390bbfa0ef8874c2d29b558c3a37b\" style=\"border-style:none;border-width:0px;border-top-left-radius:15px;border-top-right-radius:15px;border-bottom-left-radius:15px;border-bottom-right-radius:15px;margin-top:0;margin-bottom:0;padding-top:var(--wp--preset--spacing--20);padding-right:var(--wp--preset--spacing--20);padding-bottom:var(--wp--preset--spacing--20);padding-left:var(--wp--preset--spacing--20);box-shadow:var(--wp--preset--shadow--natural)\">Publication Facebook \/ liste de A. Desforges<\/h3>\n\n\n\n<figure data-wp-context=\"{&quot;imageId&quot;:&quot;69e22a7b9a276&quot;}\" data-wp-interactive=\"core\/image\" data-wp-key=\"69e22a7b9a276\" class=\"wp-block-image aligncenter size-full is-style-rounded is-style-rounded--2 wp-lightbox-container\"><img loading=\"lazy\" decoding=\"async\" width=\"597\" height=\"569\" data-wp-class--hide=\"state.isContentHidden\" data-wp-class--show=\"state.isContentVisible\" data-wp-init=\"callbacks.setButtonStyles\" data-wp-on--click=\"actions.showLightbox\" data-wp-on--load=\"callbacks.setButtonStyles\" data-wp-on-window--resize=\"callbacks.setButtonStyles\" src=\"https:\/\/vous-ecouter-pour-lavenir.fr\/wp-content\/uploads\/2026\/02\/decryptage_nouveauxespaces_citystades.png\" alt=\"\" class=\"wp-image-1140\" srcset=\"https:\/\/vous-ecouter-pour-lavenir.fr\/wp-content\/uploads\/2026\/02\/decryptage_nouveauxespaces_citystades.png 597w, https:\/\/vous-ecouter-pour-lavenir.fr\/wp-content\/uploads\/2026\/02\/decryptage_nouveauxespaces_citystades-300x286.png 300w\" sizes=\"auto, (max-width: 597px) 100vw, 597px\" \/><button\n\t\t\tclass=\"lightbox-trigger\"\n\t\t\ttype=\"button\"\n\t\t\taria-haspopup=\"dialog\"\n\t\t\taria-label=\"Agrandir\"\n\t\t\tdata-wp-init=\"callbacks.initTriggerButton\"\n\t\t\tdata-wp-on--click=\"actions.showLightbox\"\n\t\t\tdata-wp-style--right=\"state.imageButtonRight\"\n\t\t\tdata-wp-style--top=\"state.imageButtonTop\"\n\t\t>\n\t\t\t<svg xmlns=\"http:\/\/www.w3.org\/2000\/svg\" width=\"12\" height=\"12\" fill=\"none\" viewBox=\"0 0 12 12\">\n\t\t\t\t<path fill=\"#fff\" d=\"M2 0a2 2 0 0 0-2 2v2h1.5V2a.5.5 0 0 1 .5-.5h2V0H2Zm2 10.5H2a.5.5 0 0 1-.5-.5V8H0v2a2 2 0 0 0 2 2h2v-1.5ZM8 12v-1.5h2a.5.5 0 0 0 .5-.5V8H12v2a2 2 0 0 1-2 2H8Zm2-12a2 2 0 0 1 2 2v2h-1.5V2a.5.5 0 0 0-.5-.5H8V0h2Z\" \/>\n\t\t\t<\/svg>\n\t\t<\/button><figcaption class=\"wp-element-caption\">publication du 14 f\u00e9vrier sur Facebook<\/figcaption><\/figure>\n<\/div>\n\n\n\n<div class=\"wp-block-column is-vertically-aligned-top is-layout-flow wp-block-column-is-layout-flow\" style=\"flex-basis:100px\">\n<figure class=\"wp-block-image aligncenter size-full is-resized is-style-rounded is-style-rounded--3\"><img loading=\"lazy\" decoding=\"async\" width=\"640\" height=\"640\" src=\"https:\/\/vous-ecouter-pour-lavenir.fr\/wp-content\/uploads\/2026\/01\/prospectus_faux.gif\" alt=\"\" class=\"wp-image-1053\" style=\"box-shadow:none;aspect-ratio:1;object-fit:cover;width:100px\"\/><\/figure>\n\n\n\n<figure class=\"wp-block-image aligncenter size-full is-resized is-style-rounded is-style-rounded--4\"><img loading=\"lazy\" decoding=\"async\" width=\"640\" height=\"352\" src=\"https:\/\/vous-ecouter-pour-lavenir.fr\/wp-content\/uploads\/2026\/02\/nonnon.gif\" alt=\"\" class=\"wp-image-851\" style=\"box-shadow:none;aspect-ratio:1;object-fit:cover;width:100px\"\/><\/figure>\n<\/div>\n\n\n\n<div class=\"wp-block-column is-vertically-aligned-top is-layout-flow wp-container-core-column-is-layout-22223934 wp-block-column-is-layout-flow\" style=\"border-top-left-radius:15px;border-top-right-radius:15px;border-bottom-left-radius:15px;border-bottom-right-radius:15px\">\n<h3 class=\"wp-block-heading has-text-align-center is-style-section-4 has-custom-blanc-color has-custom-bleu-fonc-background-color has-text-color has-background has-link-color wp-elements-9d6fde9bce1f162a5d05286adb27783f\" style=\"border-style:none;border-width:0px;border-top-left-radius:15px;border-top-right-radius:15px;border-bottom-left-radius:15px;border-bottom-right-radius:15px;margin-top:0;margin-bottom:0;padding-top:var(--wp--preset--spacing--20);padding-right:var(--wp--preset--spacing--20);padding-bottom:var(--wp--preset--spacing--20);padding-left:var(--wp--preset--spacing--20);box-shadow:var(--wp--preset--shadow--natural)\">Nos \u00e9l\u00e9ments de d\u00e9cryptage<\/h3>\n\n\n\n<div class=\"wp-block-group is-vertical is-layout-flex wp-container-core-group-is-layout-fe9cc265 wp-block-group-is-layout-flex\">\n<p>Les city-stades&nbsp;: une belle r\u00e9alisation, <strong>mais \u00e0 quel prix&nbsp;?<\/strong><\/p>\n\n\n\n<p>Les city-stades faisaient partie du programme de la mandature 2020-2026, au moment o\u00f9 de nombreuses installations de ce type voyaient le jour en France. Ce n\u2019est que tardivement, fin 2024, que cette r\u00e9alisation a \u00e9t\u00e9 lanc\u00e9e.<\/p>\n\n\n\n<p>Ce <strong>manque d\u2019anticipation<\/strong> a abouti \u00e0 \u00ab&nbsp;un investissement concret pour le sport \u00bb &#8230; qui endette la commune \u00e0 hauteur de <strong>172&nbsp;500\u20ac HT au lieu des 43&nbsp;200\u20ac HT pr\u00e9vus<\/strong>&nbsp;!<br>En effet, la commune a engag\u00e9 des d\u00e9penses (signature de contrats) sans avoir la certitude de recevoir les subventions escompt\u00e9es (80%).<br><strong>O\u00f9 est le principe de prudence&nbsp;?<\/strong><\/p>\n\n\n\n<p>A ces dates, <strong>les subventions de l\u2019Agence Nationale du Sport et des F\u00e9d\u00e9rations<\/strong> \u2013 mises en place dans le cadre de l\u2019incitation au sport des Fran\u00e7ais avant les JO 2024 \u2013 <strong>ont \u00e9t\u00e9 refus\u00e9es<\/strong>. Heureusement, en dernier recours, le Fonds d\u2019Initiatives Communales (FIC) a \u00e9t\u00e9 utilis\u00e9 pour 20&nbsp;% de subvention, seulement.<\/p>\n\n\n\n<p>La concentration des \u00e9quipements sportifs (en libre-acc\u00e8s) au niveau du complexe sportif Andr\u00e9 Boste \u2013 donc en p\u00e9riph\u00e9rie de bourg \u2013 <strong>aurait d\u00fb faire l\u2019objet d\u2019une concertation avec la population<\/strong>.<\/p>\n<\/div>\n<\/div>\n<\/div>\n<\/div>\n\n\n<\/div>\n<\/div>\n","protected":false},"excerpt":{"rendered":"<p>D\u00e9cryptage du bilan 2020-2026 \u00ab\u00a0De nouveaux espaces\u00a0\u00bb \u00ab\u00a0Les city-stades\u00a0\u00bb Publication Facebook \/ liste de A. Desforges Nos \u00e9l\u00e9ments de d\u00e9cryptage Les city-stades&nbsp;: une belle r\u00e9alisation, mais \u00e0 quel prix&nbsp;? Les city-stades faisaient partie du programme de la mandature 2020-2026, au moment o\u00f9 de nombreuses installations de ce type voyaient le jour en France. Ce n\u2019est [&hellip;]<\/p>\n","protected":false},"author":10,"featured_media":0,"parent":1055,"menu_order":0,"comment_status":"closed","ping_status":"closed","template":"","meta":{"footnotes":""},"folder":[],"class_list":["post-1139","page","type-page","status-publish","hentry"],"yoast_head":"<!-- This site is optimized with the Yoast SEO plugin v27.4 - https:\/\/yoast.com\/product\/yoast-seo-wordpress\/ -->\n<title>&quot;De nouveaux espaces&quot; - Vous \u00e9couter pour l&#039;avenir<\/title>\n<meta name=\"robots\" content=\"index, follow, max-snippet:-1, max-image-preview:large, max-video-preview:-1\" \/>\n<link rel=\"canonical\" href=\"https:\/\/vous-ecouter-pour-lavenir.fr\/index.php\/decryptage-du-bilan-2020-2026\/de-nouveaux-espaces\/\" \/>\n<meta property=\"og:locale\" content=\"fr_FR\" \/>\n<meta property=\"og:type\" content=\"article\" \/>\n<meta property=\"og:title\" content=\"&quot;De nouveaux espaces&quot; - Vous \u00e9couter pour l&#039;avenir\" \/>\n<meta property=\"og:description\" content=\"D\u00e9cryptage du bilan 2020-2026 \u00ab\u00a0De nouveaux espaces\u00a0\u00bb \u00ab\u00a0Les city-stades\u00a0\u00bb Publication Facebook \/ liste de A. Desforges Nos \u00e9l\u00e9ments de d\u00e9cryptage Les city-stades&nbsp;: une belle r\u00e9alisation, mais \u00e0 quel prix&nbsp;? Les city-stades faisaient partie du programme de la mandature 2020-2026, au moment o\u00f9 de nombreuses installations de ce type voyaient le jour en France. Ce n\u2019est [&hellip;]\" \/>\n<meta property=\"og:url\" content=\"https:\/\/vous-ecouter-pour-lavenir.fr\/index.php\/decryptage-du-bilan-2020-2026\/de-nouveaux-espaces\/\" \/>\n<meta property=\"og:site_name\" content=\"Vous \u00e9couter pour l&#039;avenir\" \/>\n<meta property=\"article:publisher\" content=\"https:\/\/www.facebook.com\/share\/1GggEujjUo\/\" \/>\n<meta property=\"og:image\" content=\"https:\/\/vous-ecouter-pour-lavenir.fr\/wp-content\/uploads\/2026\/02\/decryptage_nouveauxespaces_citystades.png\" \/>\n\t<meta property=\"og:image:width\" content=\"597\" \/>\n\t<meta property=\"og:image:height\" content=\"569\" \/>\n\t<meta property=\"og:image:type\" content=\"image\/png\" \/>\n<meta name=\"twitter:card\" content=\"summary_large_image\" \/>\n<meta name=\"twitter:label1\" content=\"Dur\u00e9e de lecture estim\u00e9e\" \/>\n\t<meta name=\"twitter:data1\" content=\"4 minutes\" \/>\n<script type=\"application\/ld+json\" class=\"yoast-schema-graph\">{\"@context\":\"https:\\\/\\\/schema.org\",\"@graph\":[{\"@type\":\"WebPage\",\"@id\":\"https:\\\/\\\/vous-ecouter-pour-lavenir.fr\\\/index.php\\\/decryptage-du-bilan-2020-2026\\\/de-nouveaux-espaces\\\/\",\"url\":\"https:\\\/\\\/vous-ecouter-pour-lavenir.fr\\\/index.php\\\/decryptage-du-bilan-2020-2026\\\/de-nouveaux-espaces\\\/\",\"name\":\"\\\"De nouveaux espaces\\\" - Vous \u00e9couter pour l&#039;avenir\",\"isPartOf\":{\"@id\":\"https:\\\/\\\/vous-ecouter-pour-lavenir.fr\\\/#website\"},\"primaryImageOfPage\":{\"@id\":\"https:\\\/\\\/vous-ecouter-pour-lavenir.fr\\\/index.php\\\/decryptage-du-bilan-2020-2026\\\/de-nouveaux-espaces\\\/#primaryimage\"},\"image\":{\"@id\":\"https:\\\/\\\/vous-ecouter-pour-lavenir.fr\\\/index.php\\\/decryptage-du-bilan-2020-2026\\\/de-nouveaux-espaces\\\/#primaryimage\"},\"thumbnailUrl\":\"https:\\\/\\\/vous-ecouter-pour-lavenir.fr\\\/wp-content\\\/uploads\\\/2026\\\/02\\\/decryptage_nouveauxespaces_citystades.png\",\"datePublished\":\"2026-03-04T21:41:57+00:00\",\"breadcrumb\":{\"@id\":\"https:\\\/\\\/vous-ecouter-pour-lavenir.fr\\\/index.php\\\/decryptage-du-bilan-2020-2026\\\/de-nouveaux-espaces\\\/#breadcrumb\"},\"inLanguage\":\"fr-FR\",\"potentialAction\":[{\"@type\":\"ReadAction\",\"target\":[\"https:\\\/\\\/vous-ecouter-pour-lavenir.fr\\\/index.php\\\/decryptage-du-bilan-2020-2026\\\/de-nouveaux-espaces\\\/\"]}]},{\"@type\":\"ImageObject\",\"inLanguage\":\"fr-FR\",\"@id\":\"https:\\\/\\\/vous-ecouter-pour-lavenir.fr\\\/index.php\\\/decryptage-du-bilan-2020-2026\\\/de-nouveaux-espaces\\\/#primaryimage\",\"url\":\"https:\\\/\\\/vous-ecouter-pour-lavenir.fr\\\/wp-content\\\/uploads\\\/2026\\\/02\\\/decryptage_nouveauxespaces_citystades.png\",\"contentUrl\":\"https:\\\/\\\/vous-ecouter-pour-lavenir.fr\\\/wp-content\\\/uploads\\\/2026\\\/02\\\/decryptage_nouveauxespaces_citystades.png\",\"width\":597,\"height\":569},{\"@type\":\"BreadcrumbList\",\"@id\":\"https:\\\/\\\/vous-ecouter-pour-lavenir.fr\\\/index.php\\\/decryptage-du-bilan-2020-2026\\\/de-nouveaux-espaces\\\/#breadcrumb\",\"itemListElement\":[{\"@type\":\"ListItem\",\"position\":1,\"name\":\"Accueil\",\"item\":\"https:\\\/\\\/vous-ecouter-pour-lavenir.fr\\\/\"},{\"@type\":\"ListItem\",\"position\":2,\"name\":\"D\u00e9cryptage du bilan 2020-2026\",\"item\":\"https:\\\/\\\/vous-ecouter-pour-lavenir.fr\\\/index.php\\\/decryptage-du-bilan-2020-2026\\\/\"},{\"@type\":\"ListItem\",\"position\":3,\"name\":\"\u00ab\u00a0De nouveaux espaces\u00a0\u00bb\"}]},{\"@type\":\"WebSite\",\"@id\":\"https:\\\/\\\/vous-ecouter-pour-lavenir.fr\\\/#website\",\"url\":\"https:\\\/\\\/vous-ecouter-pour-lavenir.fr\\\/\",\"name\":\"Vous \u00e9couter pour l'avenir\",\"description\":\"Liste citoyenne pour les \u00e9lections municipales 2026 \u00e0 Vic-le-Comte\",\"publisher\":{\"@id\":\"https:\\\/\\\/vous-ecouter-pour-lavenir.fr\\\/#organization\"},\"potentialAction\":[{\"@type\":\"SearchAction\",\"target\":{\"@type\":\"EntryPoint\",\"urlTemplate\":\"https:\\\/\\\/vous-ecouter-pour-lavenir.fr\\\/?s={search_term_string}\"},\"query-input\":{\"@type\":\"PropertyValueSpecification\",\"valueRequired\":true,\"valueName\":\"search_term_string\"}}],\"inLanguage\":\"fr-FR\"},{\"@type\":\"Organization\",\"@id\":\"https:\\\/\\\/vous-ecouter-pour-lavenir.fr\\\/#organization\",\"name\":\"Vous \u00e9couter pour l'avenir\",\"url\":\"https:\\\/\\\/vous-ecouter-pour-lavenir.fr\\\/\",\"logo\":{\"@type\":\"ImageObject\",\"inLanguage\":\"fr-FR\",\"@id\":\"https:\\\/\\\/vous-ecouter-pour-lavenir.fr\\\/#\\\/schema\\\/logo\\\/image\\\/\",\"url\":\"https:\\\/\\\/vous-ecouter-pour-lavenir.fr\\\/wp-content\\\/uploads\\\/2026\\\/01\\\/cropped-20260111_230439.jpg\",\"contentUrl\":\"https:\\\/\\\/vous-ecouter-pour-lavenir.fr\\\/wp-content\\\/uploads\\\/2026\\\/01\\\/cropped-20260111_230439.jpg\",\"width\":512,\"height\":512,\"caption\":\"Vous \u00e9couter pour l'avenir\"},\"image\":{\"@id\":\"https:\\\/\\\/vous-ecouter-pour-lavenir.fr\\\/#\\\/schema\\\/logo\\\/image\\\/\"},\"sameAs\":[\"https:\\\/\\\/www.facebook.com\\\/share\\\/1GggEujjUo\\\/\",\"https:\\\/\\\/www.instagram.com\\\/vousecouterpourlavenir\"]}]}<\/script>\n<!-- \/ Yoast SEO plugin. -->","yoast_head_json":{"title":"\"De nouveaux espaces\" - Vous \u00e9couter pour l&#039;avenir","robots":{"index":"index","follow":"follow","max-snippet":"max-snippet:-1","max-image-preview":"max-image-preview:large","max-video-preview":"max-video-preview:-1"},"canonical":"https:\/\/vous-ecouter-pour-lavenir.fr\/index.php\/decryptage-du-bilan-2020-2026\/de-nouveaux-espaces\/","og_locale":"fr_FR","og_type":"article","og_title":"\"De nouveaux espaces\" - Vous \u00e9couter pour l&#039;avenir","og_description":"D\u00e9cryptage du bilan 2020-2026 \u00ab\u00a0De nouveaux espaces\u00a0\u00bb \u00ab\u00a0Les city-stades\u00a0\u00bb Publication Facebook \/ liste de A. Desforges Nos \u00e9l\u00e9ments de d\u00e9cryptage Les city-stades&nbsp;: une belle r\u00e9alisation, mais \u00e0 quel prix&nbsp;? Les city-stades faisaient partie du programme de la mandature 2020-2026, au moment o\u00f9 de nombreuses installations de ce type voyaient le jour en France. Ce n\u2019est [&hellip;]","og_url":"https:\/\/vous-ecouter-pour-lavenir.fr\/index.php\/decryptage-du-bilan-2020-2026\/de-nouveaux-espaces\/","og_site_name":"Vous \u00e9couter pour l&#039;avenir","article_publisher":"https:\/\/www.facebook.com\/share\/1GggEujjUo\/","og_image":[{"width":597,"height":569,"url":"https:\/\/vous-ecouter-pour-lavenir.fr\/wp-content\/uploads\/2026\/02\/decryptage_nouveauxespaces_citystades.png","type":"image\/png"}],"twitter_card":"summary_large_image","twitter_misc":{"Dur\u00e9e de lecture estim\u00e9e":"4 minutes"},"schema":{"@context":"https:\/\/schema.org","@graph":[{"@type":"WebPage","@id":"https:\/\/vous-ecouter-pour-lavenir.fr\/index.php\/decryptage-du-bilan-2020-2026\/de-nouveaux-espaces\/","url":"https:\/\/vous-ecouter-pour-lavenir.fr\/index.php\/decryptage-du-bilan-2020-2026\/de-nouveaux-espaces\/","name":"\"De nouveaux espaces\" - Vous \u00e9couter pour l&#039;avenir","isPartOf":{"@id":"https:\/\/vous-ecouter-pour-lavenir.fr\/#website"},"primaryImageOfPage":{"@id":"https:\/\/vous-ecouter-pour-lavenir.fr\/index.php\/decryptage-du-bilan-2020-2026\/de-nouveaux-espaces\/#primaryimage"},"image":{"@id":"https:\/\/vous-ecouter-pour-lavenir.fr\/index.php\/decryptage-du-bilan-2020-2026\/de-nouveaux-espaces\/#primaryimage"},"thumbnailUrl":"https:\/\/vous-ecouter-pour-lavenir.fr\/wp-content\/uploads\/2026\/02\/decryptage_nouveauxespaces_citystades.png","datePublished":"2026-03-04T21:41:57+00:00","breadcrumb":{"@id":"https:\/\/vous-ecouter-pour-lavenir.fr\/index.php\/decryptage-du-bilan-2020-2026\/de-nouveaux-espaces\/#breadcrumb"},"inLanguage":"fr-FR","potentialAction":[{"@type":"ReadAction","target":["https:\/\/vous-ecouter-pour-lavenir.fr\/index.php\/decryptage-du-bilan-2020-2026\/de-nouveaux-espaces\/"]}]},{"@type":"ImageObject","inLanguage":"fr-FR","@id":"https:\/\/vous-ecouter-pour-lavenir.fr\/index.php\/decryptage-du-bilan-2020-2026\/de-nouveaux-espaces\/#primaryimage","url":"https:\/\/vous-ecouter-pour-lavenir.fr\/wp-content\/uploads\/2026\/02\/decryptage_nouveauxespaces_citystades.png","contentUrl":"https:\/\/vous-ecouter-pour-lavenir.fr\/wp-content\/uploads\/2026\/02\/decryptage_nouveauxespaces_citystades.png","width":597,"height":569},{"@type":"BreadcrumbList","@id":"https:\/\/vous-ecouter-pour-lavenir.fr\/index.php\/decryptage-du-bilan-2020-2026\/de-nouveaux-espaces\/#breadcrumb","itemListElement":[{"@type":"ListItem","position":1,"name":"Accueil","item":"https:\/\/vous-ecouter-pour-lavenir.fr\/"},{"@type":"ListItem","position":2,"name":"D\u00e9cryptage du bilan 2020-2026","item":"https:\/\/vous-ecouter-pour-lavenir.fr\/index.php\/decryptage-du-bilan-2020-2026\/"},{"@type":"ListItem","position":3,"name":"\u00ab\u00a0De nouveaux espaces\u00a0\u00bb"}]},{"@type":"WebSite","@id":"https:\/\/vous-ecouter-pour-lavenir.fr\/#website","url":"https:\/\/vous-ecouter-pour-lavenir.fr\/","name":"Vous \u00e9couter pour l'avenir","description":"Liste citoyenne pour les \u00e9lections municipales 2026 \u00e0 Vic-le-Comte","publisher":{"@id":"https:\/\/vous-ecouter-pour-lavenir.fr\/#organization"},"potentialAction":[{"@type":"SearchAction","target":{"@type":"EntryPoint","urlTemplate":"https:\/\/vous-ecouter-pour-lavenir.fr\/?s={search_term_string}"},"query-input":{"@type":"PropertyValueSpecification","valueRequired":true,"valueName":"search_term_string"}}],"inLanguage":"fr-FR"},{"@type":"Organization","@id":"https:\/\/vous-ecouter-pour-lavenir.fr\/#organization","name":"Vous \u00e9couter pour l'avenir","url":"https:\/\/vous-ecouter-pour-lavenir.fr\/","logo":{"@type":"ImageObject","inLanguage":"fr-FR","@id":"https:\/\/vous-ecouter-pour-lavenir.fr\/#\/schema\/logo\/image\/","url":"https:\/\/vous-ecouter-pour-lavenir.fr\/wp-content\/uploads\/2026\/01\/cropped-20260111_230439.jpg","contentUrl":"https:\/\/vous-ecouter-pour-lavenir.fr\/wp-content\/uploads\/2026\/01\/cropped-20260111_230439.jpg","width":512,"height":512,"caption":"Vous \u00e9couter pour l'avenir"},"image":{"@id":"https:\/\/vous-ecouter-pour-lavenir.fr\/#\/schema\/logo\/image\/"},"sameAs":["https:\/\/www.facebook.com\/share\/1GggEujjUo\/","https:\/\/www.instagram.com\/vousecouterpourlavenir"]}]}},"_links":{"self":[{"href":"https:\/\/vous-ecouter-pour-lavenir.fr\/index.php\/wp-json\/wp\/v2\/pages\/1139","targetHints":{"allow":["GET"]}}],"collection":[{"href":"https:\/\/vous-ecouter-pour-lavenir.fr\/index.php\/wp-json\/wp\/v2\/pages"}],"about":[{"href":"https:\/\/vous-ecouter-pour-lavenir.fr\/index.php\/wp-json\/wp\/v2\/types\/page"}],"author":[{"embeddable":true,"href":"https:\/\/vous-ecouter-pour-lavenir.fr\/index.php\/wp-json\/wp\/v2\/users\/10"}],"replies":[{"embeddable":true,"href":"https:\/\/vous-ecouter-pour-lavenir.fr\/index.php\/wp-json\/wp\/v2\/comments?post=1139"}],"version-history":[{"count":10,"href":"https:\/\/vous-ecouter-pour-lavenir.fr\/index.php\/wp-json\/wp\/v2\/pages\/1139\/revisions"}],"predecessor-version":[{"id":1177,"href":"https:\/\/vous-ecouter-pour-lavenir.fr\/index.php\/wp-json\/wp\/v2\/pages\/1139\/revisions\/1177"}],"up":[{"embeddable":true,"href":"https:\/\/vous-ecouter-pour-lavenir.fr\/index.php\/wp-json\/wp\/v2\/pages\/1055"}],"wp:attachment":[{"href":"https:\/\/vous-ecouter-pour-lavenir.fr\/index.php\/wp-json\/wp\/v2\/media?parent=1139"}],"wp:term":[{"taxonomy":"folder","embeddable":true,"href":"https:\/\/vous-ecouter-pour-lavenir.fr\/index.php\/wp-json\/wp\/v2\/folder?post=1139"}],"curies":[{"name":"wp","href":"https:\/\/api.w.org\/{rel}","templated":true}]}}