{"id":1090,"date":"2026-03-04T22:41:58","date_gmt":"2026-03-04T21:41:58","guid":{"rendered":"https:\/\/vous-ecouter-pour-lavenir.fr\/?page_id=1090"},"modified":"2026-03-04T22:41:58","modified_gmt":"2026-03-04T21:41:58","slug":"transition-ecologique","status":"publish","type":"page","link":"https:\/\/vous-ecouter-pour-lavenir.fr\/index.php\/decryptage-du-bilan-2020-2026\/transition-ecologique\/","title":{"rendered":"\u00ab\u00a0Transition \u00e9cologique\u00a0\u00bb"},"content":{"rendered":"\n<div class=\"wp-block-group alignfull has-custom-noir-color has-text-color has-link-color wp-elements-0bf7798390fb6389eaee95c2149ab74d has-global-padding is-layout-constrained wp-container-core-group-is-layout-8c78a9d5 wp-block-group-is-layout-constrained\" style=\"margin-top:0;margin-bottom:0;padding-top:var(--wp--preset--spacing--30);padding-bottom:var(--wp--preset--spacing--30)\">\n<p class=\"has-text-align-center\"><strong>D\u00e9cryptage du bilan 2020-2026<\/strong><\/p>\n\n\n\n<div class=\"wp-block-group alignwide is-style-default has-custom-noir-color has-custom-bleu-clair-transparent-background-color has-text-color has-background has-link-color wp-elements-29be203e51ed7e002c7bd43a8b92c911 is-content-justification-center is-nowrap is-layout-flex wp-container-core-group-is-layout-83429d1c wp-block-group-is-layout-flex\" style=\"border-width:1px;border-top-left-radius:15px;border-top-right-radius:15px;border-bottom-left-radius:15px;border-bottom-right-radius:15px;margin-top:var(--wp--preset--spacing--30);margin-right:var(--wp--preset--spacing--50);margin-bottom:var(--wp--preset--spacing--30);margin-left:var(--wp--preset--spacing--50);padding-top:var(--wp--preset--spacing--20);padding-right:var(--wp--preset--spacing--20);padding-bottom:var(--wp--preset--spacing--20);padding-left:var(--wp--preset--spacing--20);box-shadow:var(--wp--preset--shadow--natural)\"><nav class=\"has-large-font-size items-justified-left wp-block-navigation is-horizontal is-content-justification-left is-layout-flex wp-container-core-navigation-is-layout-3b454f0f wp-block-navigation-is-layout-flex\" aria-label=\"Menu-decryptage\"><ul class=\"wp-block-navigation__container has-large-font-size items-justified-left wp-block-navigation has-large-font-size\"><li class=\"has-large-font-size wp-block-navigation-item hvr-bob wp-block-navigation-link\"><a class=\"wp-block-navigation-item__content\"  href=\"https:\/\/vous-ecouter-pour-lavenir.fr\/index.php\/decryptage-du-bilan-2020-2026\/transition-ecologique\/\"><span class=\"wp-block-navigation-item__label\">\u00ab\u00a0Transition \u00e9cologique\u00a0\u00bb<\/span><\/a><\/li><li class=\"has-large-font-size wp-block-navigation-item hvr-bob wp-block-navigation-link\"><a class=\"wp-block-navigation-item__content\"  href=\"https:\/\/vous-ecouter-pour-lavenir.fr\/index.php\/decryptage-du-bilan-2020-2026\/pour-une-ville-inclusive\/\"><span class=\"wp-block-navigation-item__label\">\u00ab\u00a0Pour une ville inclusive\u00a0\u00bb<\/span><\/a><\/li><li class=\"has-large-font-size wp-block-navigation-item hvr-bob wp-block-navigation-link\"><a class=\"wp-block-navigation-item__content\"  href=\"https:\/\/vous-ecouter-pour-lavenir.fr\/index.php\/decryptage-du-bilan-2020-2026\/les-services-publics\/\"><span class=\"wp-block-navigation-item__label\">\u00ab\u00a0Les services publics\u00a0\u00bb<\/span><\/a><\/li><li class=\"has-large-font-size wp-block-navigation-item hvr-bob wp-block-navigation-link\"><a class=\"wp-block-navigation-item__content\"  href=\"https:\/\/vous-ecouter-pour-lavenir.fr\/index.php\/decryptage-du-bilan-2020-2026\/la-mobilite\/\"><span class=\"wp-block-navigation-item__label\">\u00ab\u00a0La mobilit\u00e9\u00a0\u00bb<\/span><\/a><\/li><li class=\"has-large-font-size wp-block-navigation-item hvr-bob wp-block-navigation-link\"><a class=\"wp-block-navigation-item__content\"  href=\"https:\/\/vous-ecouter-pour-lavenir.fr\/index.php\/decryptage-du-bilan-2020-2026\/de-nouveaux-espaces\/\"><span class=\"wp-block-navigation-item__label\">\u00ab\u00a0De nouveaux espaces\u00a0\u00bb<\/span><\/a><\/li><li class=\"has-large-font-size wp-block-navigation-item hvr-bob wp-block-navigation-link\"><a class=\"wp-block-navigation-item__content\"  href=\"https:\/\/vous-ecouter-pour-lavenir.fr\/index.php\/decryptage-du-bilan-2020-2026\/la-vie-scolaire\/\" rel=\"\"><span class=\"wp-block-navigation-item__label\">\u00ab\u00a0La vie scolaire\u00a0\u00bb<\/span><\/a><\/li><li class=\"has-large-font-size wp-block-navigation-item hvr-bob wp-block-navigation-link\"><a class=\"wp-block-navigation-item__content\"  href=\"https:\/\/vous-ecouter-pour-lavenir.fr\/index.php\/decryptage-du-bilan-2020-2026\/le-patrimoine\/\"><span class=\"wp-block-navigation-item__label\">\u00ab\u00a0Le patrimoine\u00a0\u00bb<\/span><\/a><\/li><li class=\"has-large-font-size wp-block-navigation-item hvr-bob wp-block-navigation-link\"><a class=\"wp-block-navigation-item__content\"  href=\"https:\/\/vous-ecouter-pour-lavenir.fr\/index.php\/decryptage-du-bilan-2020-2026\/les-outils-de-communication\/\"><span class=\"wp-block-navigation-item__label\">\u00ab\u00a0Les outils de communication\u00a0\u00bb<\/span><\/a><\/li><\/ul><\/nav><\/div>\n\n\n\n<div class=\"wp-block-group alignwide is-vertical is-content-justification-center is-layout-flex wp-container-core-group-is-layout-15a88ba5 wp-block-group-is-layout-flex\">\n<div class=\"wp-block-group alignwide has-custom-vert-clair-transparent-background-color has-background has-global-padding is-layout-constrained wp-container-core-group-is-layout-80fb368b wp-block-group-is-layout-constrained\" style=\"border-top-left-radius:15px;border-top-right-radius:15px;border-bottom-left-radius:15px;border-bottom-right-radius:15px;padding-top:var(--wp--preset--spacing--30);padding-right:var(--wp--preset--spacing--30);padding-bottom:var(--wp--preset--spacing--30);padding-left:var(--wp--preset--spacing--30)\">\n<div class=\"wp-block-group alignwide is-style-section-4 has-custom-bleu-tr-s-fonc-color has-custom-bleu-clair-background-color has-text-color has-background has-link-color wp-elements-0476ecf814f21731d536551f82a02f34 is-content-justification-center is-nowrap is-layout-flex wp-container-core-group-is-layout-1a5b6bc7 wp-block-group-is-layout-flex is-style-section-4--1\" style=\"border-style:none;border-width:0px;border-top-left-radius:15px;border-top-right-radius:15px;border-bottom-left-radius:15px;border-bottom-right-radius:15px;margin-top:0;margin-bottom:0;padding-top:var(--wp--preset--spacing--20);padding-right:var(--wp--preset--spacing--20);padding-bottom:var(--wp--preset--spacing--20);padding-left:var(--wp--preset--spacing--20);box-shadow:var(--wp--preset--shadow--natural)\">\n<h2 class=\"wp-block-heading\"><strong><mark style=\"background-color:rgba(0, 0, 0, 0)\" class=\"has-inline-color has-custom-bleu-tr-s-fonc-color\">\u00ab\u00a0Transition \u00e9cologique\u00a0\u00bb<\/mark><\/strong><\/h2>\n<\/div>\n\n\n\n<div class=\"wp-block-columns alignwide is-layout-flex wp-container-core-columns-is-layout-28f84493 wp-block-columns-is-layout-flex\" style=\"border-style:none;border-width:0px\">\n<div class=\"wp-block-column is-vertically-aligned-top is-layout-flow wp-container-core-column-is-layout-b9598678 wp-block-column-is-layout-flow\" style=\"padding-top:0;padding-bottom:0\">\n<h3 class=\"wp-block-heading has-text-align-center is-style-section-4 has-custom-blanc-color has-custom-bleu-fonc-background-color has-text-color has-background has-link-color wp-elements-d3f390bbfa0ef8874c2d29b558c3a37b\" style=\"border-style:none;border-width:0px;border-top-left-radius:15px;border-top-right-radius:15px;border-bottom-left-radius:15px;border-bottom-right-radius:15px;margin-top:0;margin-bottom:0;padding-top:var(--wp--preset--spacing--20);padding-right:var(--wp--preset--spacing--20);padding-bottom:var(--wp--preset--spacing--20);padding-left:var(--wp--preset--spacing--20);box-shadow:var(--wp--preset--shadow--natural)\">Publication Facebook \/ liste de A. Desforges<\/h3>\n\n\n\n<figure data-wp-context=\"{&quot;imageId&quot;:&quot;69e22842f1a71&quot;}\" data-wp-interactive=\"core\/image\" data-wp-key=\"69e22842f1a71\" class=\"wp-block-image aligncenter size-full is-style-rounded is-style-rounded--2 wp-lightbox-container\"><img loading=\"lazy\" decoding=\"async\" width=\"785\" height=\"770\" data-wp-class--hide=\"state.isContentHidden\" data-wp-class--show=\"state.isContentVisible\" data-wp-init=\"callbacks.setButtonStyles\" data-wp-on--click=\"actions.showLightbox\" data-wp-on--load=\"callbacks.setButtonStyles\" data-wp-on-window--resize=\"callbacks.setButtonStyles\" src=\"https:\/\/vous-ecouter-pour-lavenir.fr\/wp-content\/uploads\/2026\/02\/decryptage_transitionecologique.png\" alt=\"\" class=\"wp-image-1093\" srcset=\"https:\/\/vous-ecouter-pour-lavenir.fr\/wp-content\/uploads\/2026\/02\/decryptage_transitionecologique.png 785w, https:\/\/vous-ecouter-pour-lavenir.fr\/wp-content\/uploads\/2026\/02\/decryptage_transitionecologique-300x294.png 300w, https:\/\/vous-ecouter-pour-lavenir.fr\/wp-content\/uploads\/2026\/02\/decryptage_transitionecologique-768x753.png 768w\" sizes=\"auto, (max-width: 785px) 100vw, 785px\" \/><button\n\t\t\tclass=\"lightbox-trigger\"\n\t\t\ttype=\"button\"\n\t\t\taria-haspopup=\"dialog\"\n\t\t\taria-label=\"Agrandir\"\n\t\t\tdata-wp-init=\"callbacks.initTriggerButton\"\n\t\t\tdata-wp-on--click=\"actions.showLightbox\"\n\t\t\tdata-wp-style--right=\"state.imageButtonRight\"\n\t\t\tdata-wp-style--top=\"state.imageButtonTop\"\n\t\t>\n\t\t\t<svg xmlns=\"http:\/\/www.w3.org\/2000\/svg\" width=\"12\" height=\"12\" fill=\"none\" viewBox=\"0 0 12 12\">\n\t\t\t\t<path fill=\"#fff\" d=\"M2 0a2 2 0 0 0-2 2v2h1.5V2a.5.5 0 0 1 .5-.5h2V0H2Zm2 10.5H2a.5.5 0 0 1-.5-.5V8H0v2a2 2 0 0 0 2 2h2v-1.5ZM8 12v-1.5h2a.5.5 0 0 0 .5-.5V8H12v2a2 2 0 0 1-2 2H8Zm2-12a2 2 0 0 1 2 2v2h-1.5V2a.5.5 0 0 0-.5-.5H8V0h2Z\" \/>\n\t\t\t<\/svg>\n\t\t<\/button><figcaption class=\"wp-element-caption\">publication du 6 f\u00e9vrier sur Facebook<\/figcaption><\/figure>\n<\/div>\n\n\n\n<div class=\"wp-block-column is-vertically-aligned-top is-layout-flow wp-block-column-is-layout-flow\" style=\"flex-basis:100px\">\n<figure class=\"wp-block-image aligncenter size-full is-resized is-style-rounded is-style-rounded--3\"><img loading=\"lazy\" decoding=\"async\" width=\"640\" height=\"640\" src=\"https:\/\/vous-ecouter-pour-lavenir.fr\/wp-content\/uploads\/2026\/01\/prospectus_faux.gif\" alt=\"\" class=\"wp-image-1053\" style=\"box-shadow:none;aspect-ratio:1;object-fit:cover;width:100px\"\/><\/figure>\n\n\n\n<figure class=\"wp-block-image aligncenter size-full is-resized is-style-rounded is-style-rounded--4\"><img loading=\"lazy\" decoding=\"async\" width=\"640\" height=\"352\" src=\"https:\/\/vous-ecouter-pour-lavenir.fr\/wp-content\/uploads\/2026\/02\/nonnon.gif\" alt=\"\" class=\"wp-image-851\" style=\"box-shadow:none;aspect-ratio:1;object-fit:cover;width:100px\"\/><\/figure>\n<\/div>\n\n\n\n<div class=\"wp-block-column is-vertically-aligned-top is-layout-flow wp-container-core-column-is-layout-22223934 wp-block-column-is-layout-flow\" style=\"border-top-left-radius:15px;border-top-right-radius:15px;border-bottom-left-radius:15px;border-bottom-right-radius:15px\">\n<h3 class=\"wp-block-heading has-text-align-center is-style-section-4 has-custom-blanc-color has-custom-bleu-fonc-background-color has-text-color has-background has-link-color wp-elements-9d6fde9bce1f162a5d05286adb27783f\" style=\"border-style:none;border-width:0px;border-top-left-radius:15px;border-top-right-radius:15px;border-bottom-left-radius:15px;border-bottom-right-radius:15px;margin-top:0;margin-bottom:0;padding-top:var(--wp--preset--spacing--20);padding-right:var(--wp--preset--spacing--20);padding-bottom:var(--wp--preset--spacing--20);padding-left:var(--wp--preset--spacing--20);box-shadow:var(--wp--preset--shadow--natural)\">Nos \u00e9l\u00e9ments de d\u00e9cryptage<\/h3>\n\n\n\n<div class=\"wp-block-group is-vertical is-layout-flex wp-container-core-group-is-layout-fe9cc265 wp-block-group-is-layout-flex\">\n<p>Le \u00ab&nbsp;<strong>plan de sobri\u00e9t\u00e9&nbsp;\u00bb<\/strong> \u00e9nerg\u00e9tique de la commune a certes conduit \u00e0 des \u00e9conomies financi\u00e8res\u2026 mais il est loin d\u2019\u00eatre suffisant.<\/p>\n\n\n\n<p><strong>Nous continuons \u00e0 chauffer des passoires thermiques, et donc \u00e0 consommer beaucoup plus d\u2019\u00e9nergie que nous le devrions ! <\/strong>Cela conduit \u00e0 un gaspillage d\u2019argent public, mais a aussi des r\u00e9percussions environnementales notables, notamment sur les ressources naturelles.<br><strong>Il est indispensable d\u2019avoir une politique de transition \u00e9cologique <\/strong>autour de nos b\u00e2timents communaux <strong>bien plus volontariste.<\/strong><\/p>\n\n\n\n<p>La d\u00e9cision de \u00ab<strong>&nbsp;baisse des temp\u00e9ratures dans les salles<\/strong>&nbsp;\u00bb s\u2019est effectu\u00e9e sans concertation de l\u2019ensemble des associations et clubs ni prise en compte des activit\u00e9s qui s\u2019y d\u00e9roulent. Cela amenant aujourd\u2019hui \u00e0 des temp\u00e9ratures parfois <strong>non ad\u00e9quates aux activit\u00e9s<\/strong>. Exemple 15\u00b0 pour la danse classique.<br><strong>Une \u00ab&nbsp;baisse raisonn\u00e9e&nbsp;\u00bb<\/strong> (pour reprendre le terme employ\u00e9) <strong>doit \u00eatre mieux \u00ab&nbsp;r\u00e9fl\u00e9chie&nbsp;\u00bb et r\u00e9ellement concert\u00e9e. L\u2019humain ne doit pas \u00eatre oubli\u00e9 dans les prises de d\u00e9cision.<\/strong><\/p>\n\n\n\n<p>Si nous approuvons les \u00e9conomies globales r\u00e9alis\u00e9es sous le budget de fonctionnement pour les consommations et l\u2019\u00e9clairage public, il aurait \u00e9t\u00e9 int\u00e9ressant de nous pr\u00e9senter le montant des investissements qui ont \u00e9t\u00e9 n\u00e9cessaires pour ces \u00e9conomies.<\/p>\n\n\n\n<p>Il est \u00e9galement \u00e0 regretter que l\u2019extinction g\u00e9n\u00e9ralis\u00e9e n\u2019ait pas fait l\u2019objet d\u2019une concertation.<\/p>\n<\/div>\n<\/div>\n<\/div>\n<\/div>\n<\/div>\n<\/div>\n","protected":false},"excerpt":{"rendered":"<p>D\u00e9cryptage du bilan 2020-2026 \u00ab\u00a0Transition \u00e9cologique\u00a0\u00bb Publication Facebook \/ liste de A. Desforges Nos \u00e9l\u00e9ments de d\u00e9cryptage Le \u00ab&nbsp;plan de sobri\u00e9t\u00e9&nbsp;\u00bb \u00e9nerg\u00e9tique de la commune a certes conduit \u00e0 des \u00e9conomies financi\u00e8res\u2026 mais il est loin d\u2019\u00eatre suffisant. Nous continuons \u00e0 chauffer des passoires thermiques, et donc \u00e0 consommer beaucoup plus d\u2019\u00e9nergie que nous le [&hellip;]<\/p>\n","protected":false},"author":10,"featured_media":0,"parent":1055,"menu_order":0,"comment_status":"closed","ping_status":"closed","template":"","meta":{"footnotes":""},"folder":[],"class_list":["post-1090","page","type-page","status-publish","hentry"],"yoast_head":"<!-- This site is optimized with the Yoast SEO plugin v27.4 - https:\/\/yoast.com\/product\/yoast-seo-wordpress\/ -->\n<title>&quot;Transition \u00e9cologique&quot; - Vous \u00e9couter pour l&#039;avenir<\/title>\n<meta name=\"robots\" content=\"index, follow, max-snippet:-1, max-image-preview:large, max-video-preview:-1\" \/>\n<link rel=\"canonical\" href=\"https:\/\/vous-ecouter-pour-lavenir.fr\/index.php\/decryptage-du-bilan-2020-2026\/transition-ecologique\/\" \/>\n<meta property=\"og:locale\" content=\"fr_FR\" \/>\n<meta property=\"og:type\" content=\"article\" \/>\n<meta property=\"og:title\" content=\"&quot;Transition \u00e9cologique&quot; - Vous \u00e9couter pour l&#039;avenir\" \/>\n<meta property=\"og:description\" content=\"D\u00e9cryptage du bilan 2020-2026 \u00ab\u00a0Transition \u00e9cologique\u00a0\u00bb Publication Facebook \/ liste de A. Desforges Nos \u00e9l\u00e9ments de d\u00e9cryptage Le \u00ab&nbsp;plan de sobri\u00e9t\u00e9&nbsp;\u00bb \u00e9nerg\u00e9tique de la commune a certes conduit \u00e0 des \u00e9conomies financi\u00e8res\u2026 mais il est loin d\u2019\u00eatre suffisant. Nous continuons \u00e0 chauffer des passoires thermiques, et donc \u00e0 consommer beaucoup plus d\u2019\u00e9nergie que nous le [&hellip;]\" \/>\n<meta property=\"og:url\" content=\"https:\/\/vous-ecouter-pour-lavenir.fr\/index.php\/decryptage-du-bilan-2020-2026\/transition-ecologique\/\" \/>\n<meta property=\"og:site_name\" content=\"Vous \u00e9couter pour l&#039;avenir\" \/>\n<meta property=\"article:publisher\" content=\"https:\/\/www.facebook.com\/share\/1GggEujjUo\/\" \/>\n<meta property=\"og:image\" content=\"https:\/\/vous-ecouter-pour-lavenir.fr\/wp-content\/uploads\/2026\/02\/decryptage_transitionecologique.png\" \/>\n\t<meta property=\"og:image:width\" content=\"785\" \/>\n\t<meta property=\"og:image:height\" content=\"770\" \/>\n\t<meta property=\"og:image:type\" content=\"image\/png\" \/>\n<meta name=\"twitter:card\" content=\"summary_large_image\" \/>\n<meta name=\"twitter:label1\" content=\"Dur\u00e9e de lecture estim\u00e9e\" \/>\n\t<meta name=\"twitter:data1\" content=\"2 minutes\" \/>\n<script type=\"application\/ld+json\" class=\"yoast-schema-graph\">{\"@context\":\"https:\\\/\\\/schema.org\",\"@graph\":[{\"@type\":\"WebPage\",\"@id\":\"https:\\\/\\\/vous-ecouter-pour-lavenir.fr\\\/index.php\\\/decryptage-du-bilan-2020-2026\\\/transition-ecologique\\\/\",\"url\":\"https:\\\/\\\/vous-ecouter-pour-lavenir.fr\\\/index.php\\\/decryptage-du-bilan-2020-2026\\\/transition-ecologique\\\/\",\"name\":\"\\\"Transition \u00e9cologique\\\" - Vous \u00e9couter pour l&#039;avenir\",\"isPartOf\":{\"@id\":\"https:\\\/\\\/vous-ecouter-pour-lavenir.fr\\\/#website\"},\"primaryImageOfPage\":{\"@id\":\"https:\\\/\\\/vous-ecouter-pour-lavenir.fr\\\/index.php\\\/decryptage-du-bilan-2020-2026\\\/transition-ecologique\\\/#primaryimage\"},\"image\":{\"@id\":\"https:\\\/\\\/vous-ecouter-pour-lavenir.fr\\\/index.php\\\/decryptage-du-bilan-2020-2026\\\/transition-ecologique\\\/#primaryimage\"},\"thumbnailUrl\":\"https:\\\/\\\/vous-ecouter-pour-lavenir.fr\\\/wp-content\\\/uploads\\\/2026\\\/02\\\/decryptage_transitionecologique.png\",\"datePublished\":\"2026-03-04T21:41:58+00:00\",\"breadcrumb\":{\"@id\":\"https:\\\/\\\/vous-ecouter-pour-lavenir.fr\\\/index.php\\\/decryptage-du-bilan-2020-2026\\\/transition-ecologique\\\/#breadcrumb\"},\"inLanguage\":\"fr-FR\",\"potentialAction\":[{\"@type\":\"ReadAction\",\"target\":[\"https:\\\/\\\/vous-ecouter-pour-lavenir.fr\\\/index.php\\\/decryptage-du-bilan-2020-2026\\\/transition-ecologique\\\/\"]}]},{\"@type\":\"ImageObject\",\"inLanguage\":\"fr-FR\",\"@id\":\"https:\\\/\\\/vous-ecouter-pour-lavenir.fr\\\/index.php\\\/decryptage-du-bilan-2020-2026\\\/transition-ecologique\\\/#primaryimage\",\"url\":\"https:\\\/\\\/vous-ecouter-pour-lavenir.fr\\\/wp-content\\\/uploads\\\/2026\\\/02\\\/decryptage_transitionecologique.png\",\"contentUrl\":\"https:\\\/\\\/vous-ecouter-pour-lavenir.fr\\\/wp-content\\\/uploads\\\/2026\\\/02\\\/decryptage_transitionecologique.png\",\"width\":785,\"height\":770},{\"@type\":\"BreadcrumbList\",\"@id\":\"https:\\\/\\\/vous-ecouter-pour-lavenir.fr\\\/index.php\\\/decryptage-du-bilan-2020-2026\\\/transition-ecologique\\\/#breadcrumb\",\"itemListElement\":[{\"@type\":\"ListItem\",\"position\":1,\"name\":\"Accueil\",\"item\":\"https:\\\/\\\/vous-ecouter-pour-lavenir.fr\\\/\"},{\"@type\":\"ListItem\",\"position\":2,\"name\":\"D\u00e9cryptage du bilan 2020-2026\",\"item\":\"https:\\\/\\\/vous-ecouter-pour-lavenir.fr\\\/index.php\\\/decryptage-du-bilan-2020-2026\\\/\"},{\"@type\":\"ListItem\",\"position\":3,\"name\":\"\u00ab\u00a0Transition \u00e9cologique\u00a0\u00bb\"}]},{\"@type\":\"WebSite\",\"@id\":\"https:\\\/\\\/vous-ecouter-pour-lavenir.fr\\\/#website\",\"url\":\"https:\\\/\\\/vous-ecouter-pour-lavenir.fr\\\/\",\"name\":\"Vous \u00e9couter pour l'avenir\",\"description\":\"Liste citoyenne pour les \u00e9lections municipales 2026 \u00e0 Vic-le-Comte\",\"publisher\":{\"@id\":\"https:\\\/\\\/vous-ecouter-pour-lavenir.fr\\\/#organization\"},\"potentialAction\":[{\"@type\":\"SearchAction\",\"target\":{\"@type\":\"EntryPoint\",\"urlTemplate\":\"https:\\\/\\\/vous-ecouter-pour-lavenir.fr\\\/?s={search_term_string}\"},\"query-input\":{\"@type\":\"PropertyValueSpecification\",\"valueRequired\":true,\"valueName\":\"search_term_string\"}}],\"inLanguage\":\"fr-FR\"},{\"@type\":\"Organization\",\"@id\":\"https:\\\/\\\/vous-ecouter-pour-lavenir.fr\\\/#organization\",\"name\":\"Vous \u00e9couter pour l'avenir\",\"url\":\"https:\\\/\\\/vous-ecouter-pour-lavenir.fr\\\/\",\"logo\":{\"@type\":\"ImageObject\",\"inLanguage\":\"fr-FR\",\"@id\":\"https:\\\/\\\/vous-ecouter-pour-lavenir.fr\\\/#\\\/schema\\\/logo\\\/image\\\/\",\"url\":\"https:\\\/\\\/vous-ecouter-pour-lavenir.fr\\\/wp-content\\\/uploads\\\/2026\\\/01\\\/cropped-20260111_230439.jpg\",\"contentUrl\":\"https:\\\/\\\/vous-ecouter-pour-lavenir.fr\\\/wp-content\\\/uploads\\\/2026\\\/01\\\/cropped-20260111_230439.jpg\",\"width\":512,\"height\":512,\"caption\":\"Vous \u00e9couter pour l'avenir\"},\"image\":{\"@id\":\"https:\\\/\\\/vous-ecouter-pour-lavenir.fr\\\/#\\\/schema\\\/logo\\\/image\\\/\"},\"sameAs\":[\"https:\\\/\\\/www.facebook.com\\\/share\\\/1GggEujjUo\\\/\",\"https:\\\/\\\/www.instagram.com\\\/vousecouterpourlavenir\"]}]}<\/script>\n<!-- \/ Yoast SEO plugin. -->","yoast_head_json":{"title":"\"Transition \u00e9cologique\" - Vous \u00e9couter pour l&#039;avenir","robots":{"index":"index","follow":"follow","max-snippet":"max-snippet:-1","max-image-preview":"max-image-preview:large","max-video-preview":"max-video-preview:-1"},"canonical":"https:\/\/vous-ecouter-pour-lavenir.fr\/index.php\/decryptage-du-bilan-2020-2026\/transition-ecologique\/","og_locale":"fr_FR","og_type":"article","og_title":"\"Transition \u00e9cologique\" - Vous \u00e9couter pour l&#039;avenir","og_description":"D\u00e9cryptage du bilan 2020-2026 \u00ab\u00a0Transition \u00e9cologique\u00a0\u00bb Publication Facebook \/ liste de A. Desforges Nos \u00e9l\u00e9ments de d\u00e9cryptage Le \u00ab&nbsp;plan de sobri\u00e9t\u00e9&nbsp;\u00bb \u00e9nerg\u00e9tique de la commune a certes conduit \u00e0 des \u00e9conomies financi\u00e8res\u2026 mais il est loin d\u2019\u00eatre suffisant. Nous continuons \u00e0 chauffer des passoires thermiques, et donc \u00e0 consommer beaucoup plus d\u2019\u00e9nergie que nous le [&hellip;]","og_url":"https:\/\/vous-ecouter-pour-lavenir.fr\/index.php\/decryptage-du-bilan-2020-2026\/transition-ecologique\/","og_site_name":"Vous \u00e9couter pour l&#039;avenir","article_publisher":"https:\/\/www.facebook.com\/share\/1GggEujjUo\/","og_image":[{"width":785,"height":770,"url":"https:\/\/vous-ecouter-pour-lavenir.fr\/wp-content\/uploads\/2026\/02\/decryptage_transitionecologique.png","type":"image\/png"}],"twitter_card":"summary_large_image","twitter_misc":{"Dur\u00e9e de lecture estim\u00e9e":"2 minutes"},"schema":{"@context":"https:\/\/schema.org","@graph":[{"@type":"WebPage","@id":"https:\/\/vous-ecouter-pour-lavenir.fr\/index.php\/decryptage-du-bilan-2020-2026\/transition-ecologique\/","url":"https:\/\/vous-ecouter-pour-lavenir.fr\/index.php\/decryptage-du-bilan-2020-2026\/transition-ecologique\/","name":"\"Transition \u00e9cologique\" - Vous \u00e9couter pour l&#039;avenir","isPartOf":{"@id":"https:\/\/vous-ecouter-pour-lavenir.fr\/#website"},"primaryImageOfPage":{"@id":"https:\/\/vous-ecouter-pour-lavenir.fr\/index.php\/decryptage-du-bilan-2020-2026\/transition-ecologique\/#primaryimage"},"image":{"@id":"https:\/\/vous-ecouter-pour-lavenir.fr\/index.php\/decryptage-du-bilan-2020-2026\/transition-ecologique\/#primaryimage"},"thumbnailUrl":"https:\/\/vous-ecouter-pour-lavenir.fr\/wp-content\/uploads\/2026\/02\/decryptage_transitionecologique.png","datePublished":"2026-03-04T21:41:58+00:00","breadcrumb":{"@id":"https:\/\/vous-ecouter-pour-lavenir.fr\/index.php\/decryptage-du-bilan-2020-2026\/transition-ecologique\/#breadcrumb"},"inLanguage":"fr-FR","potentialAction":[{"@type":"ReadAction","target":["https:\/\/vous-ecouter-pour-lavenir.fr\/index.php\/decryptage-du-bilan-2020-2026\/transition-ecologique\/"]}]},{"@type":"ImageObject","inLanguage":"fr-FR","@id":"https:\/\/vous-ecouter-pour-lavenir.fr\/index.php\/decryptage-du-bilan-2020-2026\/transition-ecologique\/#primaryimage","url":"https:\/\/vous-ecouter-pour-lavenir.fr\/wp-content\/uploads\/2026\/02\/decryptage_transitionecologique.png","contentUrl":"https:\/\/vous-ecouter-pour-lavenir.fr\/wp-content\/uploads\/2026\/02\/decryptage_transitionecologique.png","width":785,"height":770},{"@type":"BreadcrumbList","@id":"https:\/\/vous-ecouter-pour-lavenir.fr\/index.php\/decryptage-du-bilan-2020-2026\/transition-ecologique\/#breadcrumb","itemListElement":[{"@type":"ListItem","position":1,"name":"Accueil","item":"https:\/\/vous-ecouter-pour-lavenir.fr\/"},{"@type":"ListItem","position":2,"name":"D\u00e9cryptage du bilan 2020-2026","item":"https:\/\/vous-ecouter-pour-lavenir.fr\/index.php\/decryptage-du-bilan-2020-2026\/"},{"@type":"ListItem","position":3,"name":"\u00ab\u00a0Transition \u00e9cologique\u00a0\u00bb"}]},{"@type":"WebSite","@id":"https:\/\/vous-ecouter-pour-lavenir.fr\/#website","url":"https:\/\/vous-ecouter-pour-lavenir.fr\/","name":"Vous \u00e9couter pour l'avenir","description":"Liste citoyenne pour les \u00e9lections municipales 2026 \u00e0 Vic-le-Comte","publisher":{"@id":"https:\/\/vous-ecouter-pour-lavenir.fr\/#organization"},"potentialAction":[{"@type":"SearchAction","target":{"@type":"EntryPoint","urlTemplate":"https:\/\/vous-ecouter-pour-lavenir.fr\/?s={search_term_string}"},"query-input":{"@type":"PropertyValueSpecification","valueRequired":true,"valueName":"search_term_string"}}],"inLanguage":"fr-FR"},{"@type":"Organization","@id":"https:\/\/vous-ecouter-pour-lavenir.fr\/#organization","name":"Vous \u00e9couter pour l'avenir","url":"https:\/\/vous-ecouter-pour-lavenir.fr\/","logo":{"@type":"ImageObject","inLanguage":"fr-FR","@id":"https:\/\/vous-ecouter-pour-lavenir.fr\/#\/schema\/logo\/image\/","url":"https:\/\/vous-ecouter-pour-lavenir.fr\/wp-content\/uploads\/2026\/01\/cropped-20260111_230439.jpg","contentUrl":"https:\/\/vous-ecouter-pour-lavenir.fr\/wp-content\/uploads\/2026\/01\/cropped-20260111_230439.jpg","width":512,"height":512,"caption":"Vous \u00e9couter pour l'avenir"},"image":{"@id":"https:\/\/vous-ecouter-pour-lavenir.fr\/#\/schema\/logo\/image\/"},"sameAs":["https:\/\/www.facebook.com\/share\/1GggEujjUo\/","https:\/\/www.instagram.com\/vousecouterpourlavenir"]}]}},"_links":{"self":[{"href":"https:\/\/vous-ecouter-pour-lavenir.fr\/index.php\/wp-json\/wp\/v2\/pages\/1090","targetHints":{"allow":["GET"]}}],"collection":[{"href":"https:\/\/vous-ecouter-pour-lavenir.fr\/index.php\/wp-json\/wp\/v2\/pages"}],"about":[{"href":"https:\/\/vous-ecouter-pour-lavenir.fr\/index.php\/wp-json\/wp\/v2\/types\/page"}],"author":[{"embeddable":true,"href":"https:\/\/vous-ecouter-pour-lavenir.fr\/index.php\/wp-json\/wp\/v2\/users\/10"}],"replies":[{"embeddable":true,"href":"https:\/\/vous-ecouter-pour-lavenir.fr\/index.php\/wp-json\/wp\/v2\/comments?post=1090"}],"version-history":[{"count":14,"href":"https:\/\/vous-ecouter-pour-lavenir.fr\/index.php\/wp-json\/wp\/v2\/pages\/1090\/revisions"}],"predecessor-version":[{"id":1181,"href":"https:\/\/vous-ecouter-pour-lavenir.fr\/index.php\/wp-json\/wp\/v2\/pages\/1090\/revisions\/1181"}],"up":[{"embeddable":true,"href":"https:\/\/vous-ecouter-pour-lavenir.fr\/index.php\/wp-json\/wp\/v2\/pages\/1055"}],"wp:attachment":[{"href":"https:\/\/vous-ecouter-pour-lavenir.fr\/index.php\/wp-json\/wp\/v2\/media?parent=1090"}],"wp:term":[{"taxonomy":"folder","embeddable":true,"href":"https:\/\/vous-ecouter-pour-lavenir.fr\/index.php\/wp-json\/wp\/v2\/folder?post=1090"}],"curies":[{"name":"wp","href":"https:\/\/api.w.org\/{rel}","templated":true}]}}