{"id":1055,"date":"2026-03-04T22:41:57","date_gmt":"2026-03-04T21:41:57","guid":{"rendered":"https:\/\/vous-ecouter-pour-lavenir.fr\/?page_id=1055"},"modified":"2026-03-04T22:41:57","modified_gmt":"2026-03-04T21:41:57","slug":"decryptage-du-bilan-2020-2026","status":"publish","type":"page","link":"https:\/\/vous-ecouter-pour-lavenir.fr\/index.php\/decryptage-du-bilan-2020-2026\/","title":{"rendered":"D\u00e9cryptage du bilan 2020-2026"},"content":{"rendered":"\n<div class=\"wp-block-group alignfull has-custom-noir-color has-text-color has-link-color wp-elements-bd6730518ca186e0903b0cde34b813a5 has-global-padding is-layout-constrained wp-container-core-group-is-layout-8c78a9d5 wp-block-group-is-layout-constrained\" style=\"margin-top:0;margin-bottom:0;padding-top:var(--wp--preset--spacing--30);padding-bottom:var(--wp--preset--spacing--30)\">\n<h2 class=\"wp-block-heading alignwide has-text-align-center has-custom-bleu-fonc-color has-text-color has-link-color wp-elements-a3559ea44c5f76bb63017f99beec916e\"><strong>Et si on d\u00e9cryptait le bilan 2020-2026 revendiqu\u00e9 par la liste de Monsieur Antoine DESFORGES ?<\/strong><\/h2>\n\n\n\n<div class=\"wp-block-group alignwide has-custom-vert-clair-transparent-background-color has-background is-layout-flow wp-block-group-is-layout-flow\" style=\"border-top-left-radius:15px;border-top-right-radius:15px;border-bottom-left-radius:15px;border-bottom-right-radius:15px;padding-top:var(--wp--preset--spacing--30);padding-right:var(--wp--preset--spacing--30);padding-bottom:var(--wp--preset--spacing--30);padding-left:var(--wp--preset--spacing--30)\">\n<div class=\"wp-block-columns are-vertically-aligned-top is-layout-flex wp-container-core-columns-is-layout-28f84493 wp-block-columns-is-layout-flex\">\n<div class=\"wp-block-column is-vertically-aligned-top is-layout-flow wp-block-column-is-layout-flow\" style=\"flex-basis:100px\">\n<figure class=\"wp-block-image aligncenter size-full is-resized is-style-rounded is-style-rounded--1\"><img loading=\"lazy\" decoding=\"async\" width=\"640\" height=\"640\" src=\"https:\/\/vous-ecouter-pour-lavenir.fr\/wp-content\/uploads\/2026\/01\/prospectus_faux.gif\" alt=\"\" class=\"wp-image-1053\" style=\"width:100px\"\/><\/figure>\n<\/div>\n\n\n\n<div class=\"wp-block-column is-vertically-aligned-top is-layout-flow wp-block-column-is-layout-flow\">\n<div class=\"wp-block-group alignwide is-layout-flow wp-block-group-is-layout-flow\">\n<p>Depuis plusieurs jours, sur le r\u00e9seau Facebook, et <strong><mark style=\"background-color:rgba(0, 0, 0, 0)\" class=\"has-inline-color has-custom-bleu-fonc-color\">plut\u00f4t que de nous parler de ses projets, l&rsquo;\u00e9quipe de Monsieur Antoine Desforges nous propose un bilan.<\/mark><\/strong><\/p>\n\n\n\n<p>Ce bilan, tel qu\u2019il est pr\u00e9sent\u00e9, n\u00e9cessite quelques \u00e9claircissements pour ne pas s\u2019en tenir \u00e0 une <strong><mark style=\"background-color:rgba(0, 0, 0, 0)\" class=\"has-inline-color has-custom-bleu-fonc-color\">image un peu trop flatteuse<\/mark><\/strong>.<\/p>\n\n\n\n<p>Nous vous proposons des <strong><mark style=\"background-color:rgba(0, 0, 0, 0)\" class=\"has-inline-color has-custom-bleu-fonc-color\">compl\u00e9ments d\u2019information<\/mark><\/strong> afin que chacun puisse <strong><mark style=\"background-color:rgba(0, 0, 0, 0)\" class=\"has-inline-color has-custom-bleu-fonc-color\">remettre en perspective<\/mark><\/strong> les sujets abord\u00e9s.<\/p>\n\n\n\n<p>Nous le ferons chaque fois que cela sera n\u00e9cessaire.<\/p>\n<\/div>\n<\/div>\n<\/div>\n\n\n\n<div class=\"wp-block-group alignwide is-style-default has-custom-noir-color has-custom-bleu-clair-transparent-background-color has-text-color has-background has-link-color wp-elements-29be203e51ed7e002c7bd43a8b92c911 is-content-justification-center is-nowrap is-layout-flex wp-container-core-group-is-layout-83429d1c wp-block-group-is-layout-flex\" style=\"border-width:1px;border-top-left-radius:15px;border-top-right-radius:15px;border-bottom-left-radius:15px;border-bottom-right-radius:15px;margin-top:var(--wp--preset--spacing--30);margin-right:var(--wp--preset--spacing--50);margin-bottom:var(--wp--preset--spacing--30);margin-left:var(--wp--preset--spacing--50);padding-top:var(--wp--preset--spacing--20);padding-right:var(--wp--preset--spacing--20);padding-bottom:var(--wp--preset--spacing--20);padding-left:var(--wp--preset--spacing--20);box-shadow:var(--wp--preset--shadow--natural)\"><nav class=\"has-large-font-size items-justified-left wp-block-navigation is-horizontal is-content-justification-left is-layout-flex wp-container-core-navigation-is-layout-3b454f0f wp-block-navigation-is-layout-flex\" aria-label=\"Menu-decryptage\"><ul class=\"wp-block-navigation__container has-large-font-size items-justified-left wp-block-navigation has-large-font-size\"><li class=\"has-large-font-size wp-block-navigation-item hvr-bob wp-block-navigation-link\"><a class=\"wp-block-navigation-item__content\"  href=\"https:\/\/vous-ecouter-pour-lavenir.fr\/index.php\/decryptage-du-bilan-2020-2026\/transition-ecologique\/\"><span class=\"wp-block-navigation-item__label\">\u00ab\u00a0Transition \u00e9cologique\u00a0\u00bb<\/span><\/a><\/li><li class=\"has-large-font-size wp-block-navigation-item hvr-bob wp-block-navigation-link\"><a class=\"wp-block-navigation-item__content\"  href=\"https:\/\/vous-ecouter-pour-lavenir.fr\/index.php\/decryptage-du-bilan-2020-2026\/pour-une-ville-inclusive\/\"><span class=\"wp-block-navigation-item__label\">\u00ab\u00a0Pour une ville inclusive\u00a0\u00bb<\/span><\/a><\/li><li class=\"has-large-font-size wp-block-navigation-item hvr-bob wp-block-navigation-link\"><a class=\"wp-block-navigation-item__content\"  href=\"https:\/\/vous-ecouter-pour-lavenir.fr\/index.php\/decryptage-du-bilan-2020-2026\/les-services-publics\/\"><span class=\"wp-block-navigation-item__label\">\u00ab\u00a0Les services publics\u00a0\u00bb<\/span><\/a><\/li><li class=\"has-large-font-size wp-block-navigation-item hvr-bob wp-block-navigation-link\"><a class=\"wp-block-navigation-item__content\"  href=\"https:\/\/vous-ecouter-pour-lavenir.fr\/index.php\/decryptage-du-bilan-2020-2026\/la-mobilite\/\"><span class=\"wp-block-navigation-item__label\">\u00ab\u00a0La mobilit\u00e9\u00a0\u00bb<\/span><\/a><\/li><li class=\"has-large-font-size wp-block-navigation-item hvr-bob wp-block-navigation-link\"><a class=\"wp-block-navigation-item__content\"  href=\"https:\/\/vous-ecouter-pour-lavenir.fr\/index.php\/decryptage-du-bilan-2020-2026\/de-nouveaux-espaces\/\"><span class=\"wp-block-navigation-item__label\">\u00ab\u00a0De nouveaux espaces\u00a0\u00bb<\/span><\/a><\/li><li class=\"has-large-font-size wp-block-navigation-item hvr-bob wp-block-navigation-link\"><a class=\"wp-block-navigation-item__content\"  href=\"https:\/\/vous-ecouter-pour-lavenir.fr\/index.php\/decryptage-du-bilan-2020-2026\/la-vie-scolaire\/\" rel=\"\"><span class=\"wp-block-navigation-item__label\">\u00ab\u00a0La vie scolaire\u00a0\u00bb<\/span><\/a><\/li><li class=\"has-large-font-size wp-block-navigation-item hvr-bob wp-block-navigation-link\"><a class=\"wp-block-navigation-item__content\"  href=\"https:\/\/vous-ecouter-pour-lavenir.fr\/index.php\/decryptage-du-bilan-2020-2026\/le-patrimoine\/\"><span class=\"wp-block-navigation-item__label\">\u00ab\u00a0Le patrimoine\u00a0\u00bb<\/span><\/a><\/li><li class=\"has-large-font-size wp-block-navigation-item hvr-bob wp-block-navigation-link\"><a class=\"wp-block-navigation-item__content\"  href=\"https:\/\/vous-ecouter-pour-lavenir.fr\/index.php\/decryptage-du-bilan-2020-2026\/les-outils-de-communication\/\"><span class=\"wp-block-navigation-item__label\">\u00ab\u00a0Les outils de communication\u00a0\u00bb<\/span><\/a><\/li><\/ul><\/nav><\/div>\n<\/div>\n<\/div>\n","protected":false},"excerpt":{"rendered":"<p>Et si on d\u00e9cryptait le bilan 2020-2026 revendiqu\u00e9 par la liste de Monsieur Antoine DESFORGES ? Depuis plusieurs jours, sur le r\u00e9seau Facebook, et plut\u00f4t que de nous parler de ses projets, l&rsquo;\u00e9quipe de Monsieur Antoine Desforges nous propose un bilan. Ce bilan, tel qu\u2019il est pr\u00e9sent\u00e9, n\u00e9cessite quelques \u00e9claircissements pour ne pas s\u2019en tenir [&hellip;]<\/p>\n","protected":false},"author":10,"featured_media":0,"parent":0,"menu_order":0,"comment_status":"closed","ping_status":"closed","template":"","meta":{"footnotes":""},"folder":[],"class_list":["post-1055","page","type-page","status-publish","hentry"],"yoast_head":"<!-- This site is optimized with the Yoast SEO plugin v27.4 - https:\/\/yoast.com\/product\/yoast-seo-wordpress\/ -->\n<title>D\u00e9cryptage du bilan 2020-2026 - Vous \u00e9couter pour l&#039;avenir<\/title>\n<meta name=\"robots\" content=\"index, follow, max-snippet:-1, max-image-preview:large, max-video-preview:-1\" \/>\n<link rel=\"canonical\" href=\"https:\/\/vous-ecouter-pour-lavenir.fr\/index.php\/decryptage-du-bilan-2020-2026\/\" \/>\n<meta property=\"og:locale\" content=\"fr_FR\" \/>\n<meta property=\"og:type\" content=\"article\" \/>\n<meta property=\"og:title\" content=\"D\u00e9cryptage du bilan 2020-2026 - Vous \u00e9couter pour l&#039;avenir\" \/>\n<meta property=\"og:description\" content=\"Et si on d\u00e9cryptait le bilan 2020-2026 revendiqu\u00e9 par la liste de Monsieur Antoine DESFORGES ? Depuis plusieurs jours, sur le r\u00e9seau Facebook, et plut\u00f4t que de nous parler de ses projets, l&rsquo;\u00e9quipe de Monsieur Antoine Desforges nous propose un bilan. Ce bilan, tel qu\u2019il est pr\u00e9sent\u00e9, n\u00e9cessite quelques \u00e9claircissements pour ne pas s\u2019en tenir [&hellip;]\" \/>\n<meta property=\"og:url\" content=\"https:\/\/vous-ecouter-pour-lavenir.fr\/index.php\/decryptage-du-bilan-2020-2026\/\" \/>\n<meta property=\"og:site_name\" content=\"Vous \u00e9couter pour l&#039;avenir\" \/>\n<meta property=\"article:publisher\" content=\"https:\/\/www.facebook.com\/share\/1GggEujjUo\/\" \/>\n<meta property=\"og:image\" content=\"https:\/\/vous-ecouter-pour-lavenir.fr\/wp-content\/uploads\/2026\/01\/prospectus_faux.gif\" \/>\n\t<meta property=\"og:image:width\" content=\"640\" \/>\n\t<meta property=\"og:image:height\" content=\"640\" \/>\n\t<meta property=\"og:image:type\" content=\"image\/gif\" \/>\n<meta name=\"twitter:card\" content=\"summary_large_image\" \/>\n<meta name=\"twitter:label1\" content=\"Dur\u00e9e de lecture estim\u00e9e\" \/>\n\t<meta name=\"twitter:data1\" content=\"1 minute\" \/>\n<script type=\"application\/ld+json\" class=\"yoast-schema-graph\">{\"@context\":\"https:\\\/\\\/schema.org\",\"@graph\":[{\"@type\":\"WebPage\",\"@id\":\"https:\\\/\\\/vous-ecouter-pour-lavenir.fr\\\/index.php\\\/decryptage-du-bilan-2020-2026\\\/\",\"url\":\"https:\\\/\\\/vous-ecouter-pour-lavenir.fr\\\/index.php\\\/decryptage-du-bilan-2020-2026\\\/\",\"name\":\"D\u00e9cryptage du bilan 2020-2026 - Vous \u00e9couter pour l&#039;avenir\",\"isPartOf\":{\"@id\":\"https:\\\/\\\/vous-ecouter-pour-lavenir.fr\\\/#website\"},\"primaryImageOfPage\":{\"@id\":\"https:\\\/\\\/vous-ecouter-pour-lavenir.fr\\\/index.php\\\/decryptage-du-bilan-2020-2026\\\/#primaryimage\"},\"image\":{\"@id\":\"https:\\\/\\\/vous-ecouter-pour-lavenir.fr\\\/index.php\\\/decryptage-du-bilan-2020-2026\\\/#primaryimage\"},\"thumbnailUrl\":\"https:\\\/\\\/vous-ecouter-pour-lavenir.fr\\\/wp-content\\\/uploads\\\/2026\\\/01\\\/prospectus_faux.gif\",\"datePublished\":\"2026-03-04T21:41:57+00:00\",\"breadcrumb\":{\"@id\":\"https:\\\/\\\/vous-ecouter-pour-lavenir.fr\\\/index.php\\\/decryptage-du-bilan-2020-2026\\\/#breadcrumb\"},\"inLanguage\":\"fr-FR\",\"potentialAction\":[{\"@type\":\"ReadAction\",\"target\":[\"https:\\\/\\\/vous-ecouter-pour-lavenir.fr\\\/index.php\\\/decryptage-du-bilan-2020-2026\\\/\"]}]},{\"@type\":\"ImageObject\",\"inLanguage\":\"fr-FR\",\"@id\":\"https:\\\/\\\/vous-ecouter-pour-lavenir.fr\\\/index.php\\\/decryptage-du-bilan-2020-2026\\\/#primaryimage\",\"url\":\"https:\\\/\\\/vous-ecouter-pour-lavenir.fr\\\/wp-content\\\/uploads\\\/2026\\\/01\\\/prospectus_faux.gif\",\"contentUrl\":\"https:\\\/\\\/vous-ecouter-pour-lavenir.fr\\\/wp-content\\\/uploads\\\/2026\\\/01\\\/prospectus_faux.gif\",\"width\":640,\"height\":640},{\"@type\":\"BreadcrumbList\",\"@id\":\"https:\\\/\\\/vous-ecouter-pour-lavenir.fr\\\/index.php\\\/decryptage-du-bilan-2020-2026\\\/#breadcrumb\",\"itemListElement\":[{\"@type\":\"ListItem\",\"position\":1,\"name\":\"Accueil\",\"item\":\"https:\\\/\\\/vous-ecouter-pour-lavenir.fr\\\/\"},{\"@type\":\"ListItem\",\"position\":2,\"name\":\"D\u00e9cryptage du bilan 2020-2026\"}]},{\"@type\":\"WebSite\",\"@id\":\"https:\\\/\\\/vous-ecouter-pour-lavenir.fr\\\/#website\",\"url\":\"https:\\\/\\\/vous-ecouter-pour-lavenir.fr\\\/\",\"name\":\"Vous \u00e9couter pour l'avenir\",\"description\":\"Liste citoyenne pour les \u00e9lections municipales 2026 \u00e0 Vic-le-Comte\",\"publisher\":{\"@id\":\"https:\\\/\\\/vous-ecouter-pour-lavenir.fr\\\/#organization\"},\"potentialAction\":[{\"@type\":\"SearchAction\",\"target\":{\"@type\":\"EntryPoint\",\"urlTemplate\":\"https:\\\/\\\/vous-ecouter-pour-lavenir.fr\\\/?s={search_term_string}\"},\"query-input\":{\"@type\":\"PropertyValueSpecification\",\"valueRequired\":true,\"valueName\":\"search_term_string\"}}],\"inLanguage\":\"fr-FR\"},{\"@type\":\"Organization\",\"@id\":\"https:\\\/\\\/vous-ecouter-pour-lavenir.fr\\\/#organization\",\"name\":\"Vous \u00e9couter pour l'avenir\",\"url\":\"https:\\\/\\\/vous-ecouter-pour-lavenir.fr\\\/\",\"logo\":{\"@type\":\"ImageObject\",\"inLanguage\":\"fr-FR\",\"@id\":\"https:\\\/\\\/vous-ecouter-pour-lavenir.fr\\\/#\\\/schema\\\/logo\\\/image\\\/\",\"url\":\"https:\\\/\\\/vous-ecouter-pour-lavenir.fr\\\/wp-content\\\/uploads\\\/2026\\\/01\\\/cropped-20260111_230439.jpg\",\"contentUrl\":\"https:\\\/\\\/vous-ecouter-pour-lavenir.fr\\\/wp-content\\\/uploads\\\/2026\\\/01\\\/cropped-20260111_230439.jpg\",\"width\":512,\"height\":512,\"caption\":\"Vous \u00e9couter pour l'avenir\"},\"image\":{\"@id\":\"https:\\\/\\\/vous-ecouter-pour-lavenir.fr\\\/#\\\/schema\\\/logo\\\/image\\\/\"},\"sameAs\":[\"https:\\\/\\\/www.facebook.com\\\/share\\\/1GggEujjUo\\\/\",\"https:\\\/\\\/www.instagram.com\\\/vousecouterpourlavenir\"]}]}<\/script>\n<!-- \/ Yoast SEO plugin. -->","yoast_head_json":{"title":"D\u00e9cryptage du bilan 2020-2026 - Vous \u00e9couter pour l&#039;avenir","robots":{"index":"index","follow":"follow","max-snippet":"max-snippet:-1","max-image-preview":"max-image-preview:large","max-video-preview":"max-video-preview:-1"},"canonical":"https:\/\/vous-ecouter-pour-lavenir.fr\/index.php\/decryptage-du-bilan-2020-2026\/","og_locale":"fr_FR","og_type":"article","og_title":"D\u00e9cryptage du bilan 2020-2026 - Vous \u00e9couter pour l&#039;avenir","og_description":"Et si on d\u00e9cryptait le bilan 2020-2026 revendiqu\u00e9 par la liste de Monsieur Antoine DESFORGES ? Depuis plusieurs jours, sur le r\u00e9seau Facebook, et plut\u00f4t que de nous parler de ses projets, l&rsquo;\u00e9quipe de Monsieur Antoine Desforges nous propose un bilan. Ce bilan, tel qu\u2019il est pr\u00e9sent\u00e9, n\u00e9cessite quelques \u00e9claircissements pour ne pas s\u2019en tenir [&hellip;]","og_url":"https:\/\/vous-ecouter-pour-lavenir.fr\/index.php\/decryptage-du-bilan-2020-2026\/","og_site_name":"Vous \u00e9couter pour l&#039;avenir","article_publisher":"https:\/\/www.facebook.com\/share\/1GggEujjUo\/","og_image":[{"width":640,"height":640,"url":"https:\/\/vous-ecouter-pour-lavenir.fr\/wp-content\/uploads\/2026\/01\/prospectus_faux.gif","type":"image\/gif"}],"twitter_card":"summary_large_image","twitter_misc":{"Dur\u00e9e de lecture estim\u00e9e":"1 minute"},"schema":{"@context":"https:\/\/schema.org","@graph":[{"@type":"WebPage","@id":"https:\/\/vous-ecouter-pour-lavenir.fr\/index.php\/decryptage-du-bilan-2020-2026\/","url":"https:\/\/vous-ecouter-pour-lavenir.fr\/index.php\/decryptage-du-bilan-2020-2026\/","name":"D\u00e9cryptage du bilan 2020-2026 - Vous \u00e9couter pour l&#039;avenir","isPartOf":{"@id":"https:\/\/vous-ecouter-pour-lavenir.fr\/#website"},"primaryImageOfPage":{"@id":"https:\/\/vous-ecouter-pour-lavenir.fr\/index.php\/decryptage-du-bilan-2020-2026\/#primaryimage"},"image":{"@id":"https:\/\/vous-ecouter-pour-lavenir.fr\/index.php\/decryptage-du-bilan-2020-2026\/#primaryimage"},"thumbnailUrl":"https:\/\/vous-ecouter-pour-lavenir.fr\/wp-content\/uploads\/2026\/01\/prospectus_faux.gif","datePublished":"2026-03-04T21:41:57+00:00","breadcrumb":{"@id":"https:\/\/vous-ecouter-pour-lavenir.fr\/index.php\/decryptage-du-bilan-2020-2026\/#breadcrumb"},"inLanguage":"fr-FR","potentialAction":[{"@type":"ReadAction","target":["https:\/\/vous-ecouter-pour-lavenir.fr\/index.php\/decryptage-du-bilan-2020-2026\/"]}]},{"@type":"ImageObject","inLanguage":"fr-FR","@id":"https:\/\/vous-ecouter-pour-lavenir.fr\/index.php\/decryptage-du-bilan-2020-2026\/#primaryimage","url":"https:\/\/vous-ecouter-pour-lavenir.fr\/wp-content\/uploads\/2026\/01\/prospectus_faux.gif","contentUrl":"https:\/\/vous-ecouter-pour-lavenir.fr\/wp-content\/uploads\/2026\/01\/prospectus_faux.gif","width":640,"height":640},{"@type":"BreadcrumbList","@id":"https:\/\/vous-ecouter-pour-lavenir.fr\/index.php\/decryptage-du-bilan-2020-2026\/#breadcrumb","itemListElement":[{"@type":"ListItem","position":1,"name":"Accueil","item":"https:\/\/vous-ecouter-pour-lavenir.fr\/"},{"@type":"ListItem","position":2,"name":"D\u00e9cryptage du bilan 2020-2026"}]},{"@type":"WebSite","@id":"https:\/\/vous-ecouter-pour-lavenir.fr\/#website","url":"https:\/\/vous-ecouter-pour-lavenir.fr\/","name":"Vous \u00e9couter pour l'avenir","description":"Liste citoyenne pour les \u00e9lections municipales 2026 \u00e0 Vic-le-Comte","publisher":{"@id":"https:\/\/vous-ecouter-pour-lavenir.fr\/#organization"},"potentialAction":[{"@type":"SearchAction","target":{"@type":"EntryPoint","urlTemplate":"https:\/\/vous-ecouter-pour-lavenir.fr\/?s={search_term_string}"},"query-input":{"@type":"PropertyValueSpecification","valueRequired":true,"valueName":"search_term_string"}}],"inLanguage":"fr-FR"},{"@type":"Organization","@id":"https:\/\/vous-ecouter-pour-lavenir.fr\/#organization","name":"Vous \u00e9couter pour l'avenir","url":"https:\/\/vous-ecouter-pour-lavenir.fr\/","logo":{"@type":"ImageObject","inLanguage":"fr-FR","@id":"https:\/\/vous-ecouter-pour-lavenir.fr\/#\/schema\/logo\/image\/","url":"https:\/\/vous-ecouter-pour-lavenir.fr\/wp-content\/uploads\/2026\/01\/cropped-20260111_230439.jpg","contentUrl":"https:\/\/vous-ecouter-pour-lavenir.fr\/wp-content\/uploads\/2026\/01\/cropped-20260111_230439.jpg","width":512,"height":512,"caption":"Vous \u00e9couter pour l'avenir"},"image":{"@id":"https:\/\/vous-ecouter-pour-lavenir.fr\/#\/schema\/logo\/image\/"},"sameAs":["https:\/\/www.facebook.com\/share\/1GggEujjUo\/","https:\/\/www.instagram.com\/vousecouterpourlavenir"]}]}},"_links":{"self":[{"href":"https:\/\/vous-ecouter-pour-lavenir.fr\/index.php\/wp-json\/wp\/v2\/pages\/1055","targetHints":{"allow":["GET"]}}],"collection":[{"href":"https:\/\/vous-ecouter-pour-lavenir.fr\/index.php\/wp-json\/wp\/v2\/pages"}],"about":[{"href":"https:\/\/vous-ecouter-pour-lavenir.fr\/index.php\/wp-json\/wp\/v2\/types\/page"}],"author":[{"embeddable":true,"href":"https:\/\/vous-ecouter-pour-lavenir.fr\/index.php\/wp-json\/wp\/v2\/users\/10"}],"replies":[{"embeddable":true,"href":"https:\/\/vous-ecouter-pour-lavenir.fr\/index.php\/wp-json\/wp\/v2\/comments?post=1055"}],"version-history":[{"count":22,"href":"https:\/\/vous-ecouter-pour-lavenir.fr\/index.php\/wp-json\/wp\/v2\/pages\/1055\/revisions"}],"predecessor-version":[{"id":1451,"href":"https:\/\/vous-ecouter-pour-lavenir.fr\/index.php\/wp-json\/wp\/v2\/pages\/1055\/revisions\/1451"}],"wp:attachment":[{"href":"https:\/\/vous-ecouter-pour-lavenir.fr\/index.php\/wp-json\/wp\/v2\/media?parent=1055"}],"wp:term":[{"taxonomy":"folder","embeddable":true,"href":"https:\/\/vous-ecouter-pour-lavenir.fr\/index.php\/wp-json\/wp\/v2\/folder?post=1055"}],"curies":[{"name":"wp","href":"https:\/\/api.w.org\/{rel}","templated":true}]}}